{"id":451,"date":"2026-04-08T10:46:22","date_gmt":"2026-04-08T07:46:22","guid":{"rendered":"https:\/\/keuruunkalatalousalue.fi\/yltia\/?page_id=451"},"modified":"2026-04-21T18:14:15","modified_gmt":"2026-04-21T15:14:15","slug":"toimintasuunnitelma","status":"publish","type":"page","link":"https:\/\/keuruunkalatalousalue.fi\/yltia\/toimintasuunnitelma\/","title":{"rendered":"Toimintasuunnitelma"},"content":{"rendered":"\n<p><em>YLTI\u00c4N OSAKASKUNTA<\/em><\/p>\n\n\n\n<p>TOIMINTASUUNNITELMA VUODELLE 2026<\/p>\n\n\n\n<p><strong>Yleiset tavoitteet tuleville vuosille<\/strong><\/p>\n\n\n\n<ul class=\"wp-block-list\">\n<li>Toiminnan jatkuvuus on taattu ja kalavesien hoitoon saatava rahoitus on kohtuullinen<\/li>\n\n\n\n<li>Veden laatu sek\u00e4 kalakanta pysyy hyv\u00e4n\u00e4<\/li>\n\n\n\n<li>Yhteistoiminta naapuriosakaskuntien kanssa kehittyy<\/li>\n<\/ul>\n\n\n\n<p><strong>Yleiset toimintalinjat vuonna 2026<\/strong><\/p>\n\n\n\n<ul class=\"wp-block-list\">\n<li>Kalastuksen j\u00e4rjest\u00e4misess\u00e4 ja kalakantojen hoidossa jatketaan edellisvuosien linjaa.<\/li>\n\n\n\n<li>Osakkaille ja muille osakaskunnan vesialueilla kalastusta harrastaville tiedotetaan kalakantojen ja kalavesien tilasta, sek\u00e4 annetuista kalastusm\u00e4\u00e4r\u00e4yksist\u00e4.<\/li>\n\n\n\n<li>Osakaskunnan ulkopuolisille my\u00f6nnet\u00e4\u00e4n kalastuslupia entisess\u00e4 laajuudessa.<\/li>\n\n\n\n<li>Osakkaita aktivoidaan mukaan toimintaa mm. viestinn\u00e4llisin keinoin.<\/li>\n\n\n\n<li>Hy\u00f6dynnet\u00e4\u00e4n talkooty\u00f6t\u00e4 kalavesien seurannassa ja hoidossa<\/li>\n\n\n\n<li>J\u00e4rjestet\u00e4\u00e4n kokous yhteistoiminnan kehitt\u00e4miseksi naapuriosakaskuntien kanssa.<\/li>\n<\/ul>\n\n\n\n<p><strong>Kalastuksen j\u00e4rjest\u00e4minen, lupak\u00e4yt\u00e4nt\u00f6<\/strong><\/p>\n\n\n\n<ul class=\"wp-block-list\">\n<li>Kalastuslupien my\u00f6nt\u00e4misess\u00e4 pysytt\u00e4ydyt\u00e4\u00e4n entisess\u00e4 k\u00e4yt\u00e4nn\u00f6ss\u00e4:<\/li>\n\n\n\n<li>Vuonna 2025 ja 2026 lunastetut luvat ovat voimassa 30.04.2027 saakka.<\/li>\n\n\n\n<li>Osakkailla on yhden verkon peruskalastusoikeuden lis\u00e4ksi mahdollisuus kalastaa uistimella, sek\u00e4 rajoittamattomalla m\u00e4\u00e4r\u00e4ll\u00e4 katiskoita.<\/li>\n\n\n\n<li>Pyydysmerkit tulee lunastaa my\u00f6s katiskoille.<\/li>\n\n\n\n<li>Osakkailla on oikeus lunastaa lis\u00e4luvat enint\u00e4\u00e4n nelj\u00e4lle (4) verkolle.<\/li>\n\n\n\n<li>Osakaskunnan ulkopuolisten henkil\u00f6iden on mahdollista lunastaa kalastuslupia seuraavasti: Verkkolupia enint\u00e4\u00e4n viidelle (5) verkolle, katiskalupia rajoittamattomalle m\u00e4\u00e4r\u00e4lle sek\u00e4 uisteluluvat useammalle vavalle. Ns. ootto-onkien k\u00e4ytt\u00f6 edellytt\u00e4\u00e4 uisteluluvan lunastamista.<\/li>\n\n\n\n<li>Pitk\u00e4siima, max. 100 koukkua (vain osakkaille), on yksi (1) pyydysyksikk\u00f6 ja tarvitsee verkkoluvan.<\/li>\n\n\n\n<li>Kalastuslupia voi lunastaa Haapam\u00e4en Autohuollon kahviosta (Jokisen Ev\u00e4\u00e4t)<\/li>\n\n\n\n<li>Luvat my\u00f6s puhelimella numerosta 0400 \u2013 665 189\/ Erkki Aho<\/li>\n<\/ul>\n\n\n\n<p><strong>Kalavesien hoito<\/strong><\/p>\n\n\n\n<ul class=\"wp-block-list\">\n<li>Kalanistutuksia tehd\u00e4\u00e4n ensisijaisesti kuhan poikasilla, toissijaisesti k\u00e4ytet\u00e4\u00e4n istutuksiin siian poikasia.<\/li>\n\n\n\n<li>Jatketaan s\u00e4rkikannan hoitopyynti\u00e4 Ylti\u00e4nj\u00e4rven pohjoisosalla. Viides hoitokalastusvuosi.<\/li>\n\n\n\n<li>Jatketaan Ylti\u00e4njoen kalataloudellisen kunnostamisen suunnittelua<\/li>\n\n\n\n<li>Tehd\u00e4\u00e4n verkkokoekalastukset Alasella ja Tervaj\u00e4rvell\u00e4<\/li>\n\n\n\n<li>N\u00e4k\u00f6syvyyden mittauksia jatketaan edelleen. Nelj\u00e4ll\u00e4 mittauspisteell\u00e4 on omat havaitsijat.<\/li>\n\n\n\n<li>Lev\u00e4esiintymisten havannointia ja tiedotusta niist\u00e4 jatketaan.<\/li>\n\n\n\n<li>Osakaskunnan kaislaleikkuri on osakkaiden k\u00e4ytett\u00e4viss\u00e4. Tiedustelut Erkki Aho 0400 \u2013 665 189.<\/li>\n<\/ul>\n\n\n\n<p><strong>Vesialueilla tapahtuva mets\u00e4stys<\/strong><\/p>\n\n\n\n<ul class=\"wp-block-list\">\n<li>Vesilintujen mets\u00e4stys on kielletty Ylti\u00e4nj\u00e4rven alueella.<\/li>\n\n\n\n<li>Muilla vesialueilla mets\u00e4stys on sallittu osakkaille ja heid\u00e4n valvonnassaan oleville vierailleen, mets\u00e4stysm\u00e4\u00e4r\u00e4ysten rajoissa.<\/li>\n<\/ul>\n\n\n\n<p><strong>Kalastuksen valvonta<\/strong><\/p>\n\n\n\n<ul class=\"wp-block-list\">\n<li>Kalastuksen valvontaa suoritetaan osakaskunnan vesialueilla. Tarvittaessa merkit\u00e4\u00e4n luvattomat pyydykset varoitus- ja takavarikko -merkeill\u00e4.<\/li>\n\n\n\n<li>Valvonnassa pyrit\u00e4\u00e4n ensisijaisesti neuvonnalliseen menettelytapaan.<\/li>\n<\/ul>\n\n\n\n<p><strong>Tiedotus\/viestint\u00e4<\/strong><\/p>\n\n\n\n<ul class=\"wp-block-list\">\n<li>Osakaskunna nettisivuilta on saatavissa tiedot kalastukseen ja lupiin liittyvist\u00e4 asioista. Nettisivut l\u00f6ytyv\u00e4t Keuruun Kalatalousalueen sivustoilta<\/li>\n\n\n\n<li>Osakaskunnan toiminnasta, kalastukseen vaikuttavista m\u00e4\u00e4r\u00e4yksist\u00e4 ja kalastusluvista antaa lis\u00e4tietoja Erkki Aho p. 0400 \u2013 665 189.<\/li>\n<\/ul>\n\n\n\n<p><\/p>\n","protected":false},"excerpt":{"rendered":"<p>YLTI\u00c4N OSAKASKUNTA TOIMINTASUUNNITELMA VUODELLE 2026 Yleiset tavoitteet tuleville vuosille Yleiset toimintalinjat vuonna 2026 Kalastuksen j\u00e4rjest\u00e4minen, lupak\u00e4yt\u00e4nt\u00f6 Kalavesien hoito Vesialueilla tapahtuva mets\u00e4stys Kalastuksen valvonta Tiedotus\/viestint\u00e4<\/p>\n","protected":false},"author":29,"featured_media":0,"parent":0,"menu_order":0,"comment_status":"closed","ping_status":"closed","template":"basic-sivu.php","meta":{"_acf_changed":false,"footnotes":""},"class_list":["post-451","page","type-page","status-publish","hentry"],"acf":[],"yoast_head":"<!-- This site is optimized with the Yoast SEO plugin v27.1.1 - https:\/\/yoast.com\/product\/yoast-seo-wordpress\/ -->\n<title>Toimintasuunnitelma - Ylti\u00e4n osakaskunta<\/title>\n<meta name=\"robots\" content=\"index, follow, max-snippet:-1, max-image-preview:large, max-video-preview:-1\" \/>\n<link rel=\"canonical\" href=\"https:\/\/keuruunkalatalousalue.fi\/yltia\/toimintasuunnitelma\/\" \/>\n<meta property=\"og:locale\" content=\"fi_FI\" \/>\n<meta property=\"og:type\" content=\"article\" \/>\n<meta property=\"og:title\" content=\"Toimintasuunnitelma - Ylti\u00e4n osakaskunta\" \/>\n<meta property=\"og:description\" content=\"YLTI\u00c4N OSAKASKUNTA TOIMINTASUUNNITELMA VUODELLE 2026 Yleiset tavoitteet tuleville vuosille Yleiset toimintalinjat vuonna 2026 Kalastuksen j\u00e4rjest\u00e4minen, lupak\u00e4yt\u00e4nt\u00f6 Kalavesien hoito Vesialueilla tapahtuva mets\u00e4stys Kalastuksen valvonta Tiedotus\/viestint\u00e4\" \/>\n<meta property=\"og:url\" content=\"https:\/\/keuruunkalatalousalue.fi\/yltia\/toimintasuunnitelma\/\" \/>\n<meta property=\"og:site_name\" content=\"Ylti\u00e4n osakaskunta\" \/>\n<meta property=\"article:modified_time\" content=\"2026-04-21T15:14:15+00:00\" \/>\n<meta name=\"twitter:card\" content=\"summary_large_image\" \/>\n<meta name=\"twitter:label1\" content=\"Arvioitu lukuaika\" \/>\n\t<meta name=\"twitter:data1\" content=\"2 minuuttia\" \/>\n<script type=\"application\/ld+json\" class=\"yoast-schema-graph\">{\"@context\":\"https:\/\/schema.org\",\"@graph\":[{\"@type\":\"WebPage\",\"@id\":\"https:\/\/keuruunkalatalousalue.fi\/yltia\/toimintasuunnitelma\/\",\"url\":\"https:\/\/keuruunkalatalousalue.fi\/yltia\/toimintasuunnitelma\/\",\"name\":\"Toimintasuunnitelma - Ylti\u00e4n osakaskunta\",\"isPartOf\":{\"@id\":\"https:\/\/keuruunkalatalousalue.fi\/yltia\/#website\"},\"datePublished\":\"2026-04-08T07:46:22+00:00\",\"dateModified\":\"2026-04-21T15:14:15+00:00\",\"breadcrumb\":{\"@id\":\"https:\/\/keuruunkalatalousalue.fi\/yltia\/toimintasuunnitelma\/#breadcrumb\"},\"inLanguage\":\"fi\",\"potentialAction\":[{\"@type\":\"ReadAction\",\"target\":[\"https:\/\/keuruunkalatalousalue.fi\/yltia\/toimintasuunnitelma\/\"]}]},{\"@type\":\"BreadcrumbList\",\"@id\":\"https:\/\/keuruunkalatalousalue.fi\/yltia\/toimintasuunnitelma\/#breadcrumb\",\"itemListElement\":[{\"@type\":\"ListItem\",\"position\":1,\"name\":\"Etusivu\",\"item\":\"https:\/\/keuruunkalatalousalue.fi\/yltia\/\"},{\"@type\":\"ListItem\",\"position\":2,\"name\":\"Toimintasuunnitelma\"}]},{\"@type\":\"WebSite\",\"@id\":\"https:\/\/keuruunkalatalousalue.fi\/yltia\/#website\",\"url\":\"https:\/\/keuruunkalatalousalue.fi\/yltia\/\",\"name\":\"Ylti\u00e4n osakaskunta\",\"description\":\"\",\"potentialAction\":[{\"@type\":\"SearchAction\",\"target\":{\"@type\":\"EntryPoint\",\"urlTemplate\":\"https:\/\/keuruunkalatalousalue.fi\/yltia\/?s={search_term_string}\"},\"query-input\":{\"@type\":\"PropertyValueSpecification\",\"valueRequired\":true,\"valueName\":\"search_term_string\"}}],\"inLanguage\":\"fi\"}]}<\/script>\n<!-- \/ Yoast SEO plugin. -->","yoast_head_json":{"title":"Toimintasuunnitelma - Ylti\u00e4n osakaskunta","robots":{"index":"index","follow":"follow","max-snippet":"max-snippet:-1","max-image-preview":"max-image-preview:large","max-video-preview":"max-video-preview:-1"},"canonical":"https:\/\/keuruunkalatalousalue.fi\/yltia\/toimintasuunnitelma\/","og_locale":"fi_FI","og_type":"article","og_title":"Toimintasuunnitelma - Ylti\u00e4n osakaskunta","og_description":"YLTI\u00c4N OSAKASKUNTA TOIMINTASUUNNITELMA VUODELLE 2026 Yleiset tavoitteet tuleville vuosille Yleiset toimintalinjat vuonna 2026 Kalastuksen j\u00e4rjest\u00e4minen, lupak\u00e4yt\u00e4nt\u00f6 Kalavesien hoito Vesialueilla tapahtuva mets\u00e4stys Kalastuksen valvonta Tiedotus\/viestint\u00e4","og_url":"https:\/\/keuruunkalatalousalue.fi\/yltia\/toimintasuunnitelma\/","og_site_name":"Ylti\u00e4n osakaskunta","article_modified_time":"2026-04-21T15:14:15+00:00","twitter_card":"summary_large_image","twitter_misc":{"Arvioitu lukuaika":"2 minuuttia"},"schema":{"@context":"https:\/\/schema.org","@graph":[{"@type":"WebPage","@id":"https:\/\/keuruunkalatalousalue.fi\/yltia\/toimintasuunnitelma\/","url":"https:\/\/keuruunkalatalousalue.fi\/yltia\/toimintasuunnitelma\/","name":"Toimintasuunnitelma - Ylti\u00e4n osakaskunta","isPartOf":{"@id":"https:\/\/keuruunkalatalousalue.fi\/yltia\/#website"},"datePublished":"2026-04-08T07:46:22+00:00","dateModified":"2026-04-21T15:14:15+00:00","breadcrumb":{"@id":"https:\/\/keuruunkalatalousalue.fi\/yltia\/toimintasuunnitelma\/#breadcrumb"},"inLanguage":"fi","potentialAction":[{"@type":"ReadAction","target":["https:\/\/keuruunkalatalousalue.fi\/yltia\/toimintasuunnitelma\/"]}]},{"@type":"BreadcrumbList","@id":"https:\/\/keuruunkalatalousalue.fi\/yltia\/toimintasuunnitelma\/#breadcrumb","itemListElement":[{"@type":"ListItem","position":1,"name":"Etusivu","item":"https:\/\/keuruunkalatalousalue.fi\/yltia\/"},{"@type":"ListItem","position":2,"name":"Toimintasuunnitelma"}]},{"@type":"WebSite","@id":"https:\/\/keuruunkalatalousalue.fi\/yltia\/#website","url":"https:\/\/keuruunkalatalousalue.fi\/yltia\/","name":"Ylti\u00e4n osakaskunta","description":"","potentialAction":[{"@type":"SearchAction","target":{"@type":"EntryPoint","urlTemplate":"https:\/\/keuruunkalatalousalue.fi\/yltia\/?s={search_term_string}"},"query-input":{"@type":"PropertyValueSpecification","valueRequired":true,"valueName":"search_term_string"}}],"inLanguage":"fi"}]}},"_links":{"self":[{"href":"https:\/\/keuruunkalatalousalue.fi\/yltia\/wp-json\/wp\/v2\/pages\/451","targetHints":{"allow":["GET"]}}],"collection":[{"href":"https:\/\/keuruunkalatalousalue.fi\/yltia\/wp-json\/wp\/v2\/pages"}],"about":[{"href":"https:\/\/keuruunkalatalousalue.fi\/yltia\/wp-json\/wp\/v2\/types\/page"}],"author":[{"embeddable":true,"href":"https:\/\/keuruunkalatalousalue.fi\/yltia\/wp-json\/wp\/v2\/users\/29"}],"replies":[{"embeddable":true,"href":"https:\/\/keuruunkalatalousalue.fi\/yltia\/wp-json\/wp\/v2\/comments?post=451"}],"version-history":[{"count":4,"href":"https:\/\/keuruunkalatalousalue.fi\/yltia\/wp-json\/wp\/v2\/pages\/451\/revisions"}],"predecessor-version":[{"id":457,"href":"https:\/\/keuruunkalatalousalue.fi\/yltia\/wp-json\/wp\/v2\/pages\/451\/revisions\/457"}],"wp:attachment":[{"href":"https:\/\/keuruunkalatalousalue.fi\/yltia\/wp-json\/wp\/v2\/media?parent=451"}],"curies":[{"name":"wp","href":"https:\/\/api.w.org\/{rel}","templated":true}]}}