{"id":441,"date":"2026-04-07T18:24:53","date_gmt":"2026-04-07T15:24:53","guid":{"rendered":"https:\/\/keuruunkalatalousalue.fi\/yltia\/?page_id=441"},"modified":"2026-04-21T18:13:46","modified_gmt":"2026-04-21T15:13:46","slug":"toimintakertomus","status":"publish","type":"page","link":"https:\/\/keuruunkalatalousalue.fi\/yltia\/toimintakertomus\/","title":{"rendered":"Toimintakertomus"},"content":{"rendered":"\n<p><em><strong>Ylti\u00e4n osakaskunta<\/strong><\/em><\/p>\n\n\n\n<p><strong>Toimintakertomus 2025<\/strong><\/p>\n\n\n\n<p><strong>Yleist\u00e4<\/strong><\/p>\n\n\n\n<p>Osakaskunnan vesialueet sijaitsevat p\u00e4\u00e4osin Ylti\u00e4nj\u00e4rvess\u00e4 (334 ha, 91,3 % alueista), Tervaj\u00e4rvess\u00e4 ( 10 ha, 2,7 % alueista) sek\u00e4 Alasessa (15,5 ha, 4,2 % alueista). Muita alueita (lammet ym.) on 6,5 ha ja 1,8 % vesialueista.<\/p>\n\n\n\n<p>Osakaskunnan vesialueita ymp\u00e4r\u00f6iv\u00e4ss\u00e4 maan- ja rannanomistuksessa on tapahtunut paljon muutamassa vuosikymmeness\u00e4. Osakaskunnan alueella on nykyisell\u00e4\u00e4n varsin v\u00e4h\u00e4n ymp\u00e4rivuotisia asukkaita. Vapaa-ajan asuntojen m\u00e4\u00e4r\u00e4 on lis\u00e4\u00e4ntynyt j\u00e4rven rannoilla ja asukkaita on tullut ymp\u00e4ri Suomea.<\/p>\n\n\n\n<p><strong>Osakaskunnan hallinto<\/strong><\/p>\n\n\n\n<p>Yleinen kokous pidettiin Lankalauantaina 19.04. 2025 alkaen klo 13.00. Kokouspaikkana oli Karansalmen kyl\u00e4talo, osoitteessa \u00c4ht\u00e4rintie 999, 42930 Katajam\u00e4ki. Kokouksessa oli l\u00e4sn\u00e4 6 osakasta.<\/p>\n\n\n\n<p>Hoitokunta<\/p>\n\n\n\n<p>Osakaskunnan hoitokunnan puheenjohtajan on toiminut Erkki Aho ja varapuheenjohtajana Reijo L\u00e4hteenm\u00e4ki. J\u00e4senin\u00e4 ovat toimineet Jari Tukiainen ja Heino Kujala, sek\u00e4 varaj\u00e4senin\u00e4 Risto Ravolainen, Juho Tukiainen, Jouko L\u00e4hteenm\u00e4ki ja Petri Aho.<\/p>\n\n\n\n<p>Hoitokunta on pit\u00e4nyt kaksi varsinaista kokousta ja yhden puhelinkokouksen.<\/p>\n\n\n\n<p><strong>Kalakantojen ja vesist\u00f6n hoito<\/strong><\/p>\n\n\n\n<p>Kalaston hoito<\/p>\n\n\n\n<p>Istutukset<\/p>\n\n\n\n<p>Ylti\u00e4nj\u00e4rveen istutettiin toimintavuoden aikana kuhanpoikasia 2 250 kpl.<\/p>\n\n\n\n<p>Hoitopyynti<\/p>\n\n\n\n<p>Ahvenen pyynti\u00e4 tihe\u00e4silm\u00e4isill\u00e4 katiskoilla suoritettiin koko avovesikauden aikana. Saalism\u00e4\u00e4rist\u00e4, eik\u00e4 sen k\u00e4sittelyst\u00e4 osakaskunnalla ole tarkempaa tietoa. Ahvenen hoitopyynnin tarve on v\u00e4hentynyt kalojen keskikoon kasvettua.<\/p>\n\n\n\n<p>Aiemmin laaditun suunnitelman mukaista hoitopyynti\u00e4 tehtiin kolmella (3) rys\u00e4ll\u00e4 toukokuussa. Pyyntialueeksi oli valittu Ylti\u00e4nj\u00e4rven H\u00e4nnisen alue ja ja Tervalahti. Alueiden pinta-ala on yhteens\u00e4 noin 30 hehtaaria. Saalis oli kolmen viikon pyynniss\u00e4 0,36 tonnia, joka vastaa n. 12,0 kg:n hehtaarikohtaista saalista. Saaliista yli 90 % oli s\u00e4rke\u00e4. Saaliista suurin osa k\u00e4ytettiin hyv\u00e4ksi maanparannuksessa (puutarha ym.) Vain hyvin pieni osa voitiin hy\u00f6dynt\u00e4\u00e4 ravintona, koska kylm\u00e4laitteita ei ole ollut saatavilla. S\u00e4rkien keskikoko on pienentynyt ja suuria yksil\u00f6it\u00e4 ei saalissa juurikaan ollut. 29.5. s\u00e4rki kadonnut pyyntialaueilta ja kalastus lopetettiin.<\/p>\n\n\n\n<p>Vesist\u00f6n hoito<\/p>\n\n\n\n<p>Osakaskunnan kaislaleikkuri oli osakkaiden k\u00e4yt\u00f6ss\u00e4. Leikkuria k\u00e4ytti toimintavuoden aikana yksi vapaa-ajan asukas. Osalla osakkaita oli k\u00e4yt\u00f6ss\u00e4 my\u00f6s omia leikkureita.<\/p>\n\n\n\n<p>Ylti\u00e4nj\u00e4rven n\u00e4k\u00f6syvyyden mittauspaikkoja on eri puolilla j\u00e4rve\u00e4 nelj\u00e4 (4) kappaletta. Mittausohjeet ovat nettisivuilla. Vuonna 2025 mittauksia suoritettiin useamman kerran, mutta kaikkia tietoja ei ole viel\u00e4 saatu osakaskunnalle.<\/p>\n\n\n\n<p>Ylti\u00e4njoen kalataloudellisesta kunnostuksesta k\u00e4ytyj\u00e4 alustavia keskusteluja jatkettiin. S\u00e4hk\u00f6kalastusta tehtiin Joenpolvenjoella yhden kerran. Kalastuksen suorittivat Kari ja Reijo L\u00e4hteenm\u00e4ki.<\/p>\n\n\n\n<p>Ylti\u00e4nj\u00e4rvell\u00e4 tehtiin verkkokoekalastus hein\u00e4- elokuun vaihteessa kahdellatoista Coastal -yleiskatsausverkolla. Verkko\u00f6it\u00e4 oli yhteens\u00e4 26 kpl. Koekalastukseen osallistuivat Erkki Aho, Matti Rasa, Jari Lahdenper\u00e4 ja Reijo L\u00e4hteennm\u00e4ki. Koekalastuksen raportti liitet\u00e4\u00e4n osakaskunnan sivuille.<\/p>\n\n\n\n<p>Erkki Aho ja Reijo L\u00e4hteenm\u00e4ki osallistuivat vesist\u00f6iltoihin Keuruulla Lomahotellissa ja M\u00e4nt\u00e4ss\u00e4 kaupungintalolla. Tilaisuudet liittyiv\u00e4t Keurus-hankkeeseen, jonka tavoitteena on parantaa Keurussel\u00e4n valuma-alueen vesist\u00f6jen tilaa.<\/p>\n\n\n\n<p><strong>Talous<\/strong><\/p>\n\n\n\n<p>Toimintavuonna Keuruun kalatalousalue jakoi vuoden 2024 omistajakorvaukset. Osakaskunnalle omistajakorvauksia tuloutui 370,90 euroa. Toimintavuonna osakaskunnan tuloista 25,9 % muodostui omistajakorvauksista. Kalastuslupien osuus oli 60,1 % . Kes\u00e4tapahtuman tuotto oli l\u00e4hes 14 % osakaskunnan tuloista.<\/p>\n\n\n\n<p>Kuluista kalaveden hoidon (kalanpoikasten istutus) osuus oli 77,9 %, hallintokulut 15,2 %.<\/p>\n\n\n\n<p>Toimintavuoden tase oli 144,88 euroa ylij\u00e4\u00e4m\u00e4inen. T\u00e4m\u00e4 johtui mm. siit\u00e4, ett\u00e4 kalastusluvat ovat voimassa kahden vuoden ajan (vuodet 2025 ja 2026). T\u00e4ll\u00f6in lupatulojen kertyminen ensimm\u00e4iselt\u00e4 vuodelta on suurempi.<\/p>\n\n\n\n<p>Vesihehtaaria kohden laskettuna osakaskunnan tulot ovat olleet 4,39 euroa.<\/p>\n\n\n\n<p><strong>Kalastuksen j\u00e4rjestely<\/strong><\/p>\n\n\n\n<p>Pyynti- ja alamittarajoitukset<\/p>\n\n\n\n<p>Pyynti\u00e4 on rajoitettu l\u00e4hinn\u00e4 lunastettavien verkkolupien m\u00e4\u00e4r\u00e4\u00e4 s\u00e4\u00e4telem\u00e4ll\u00e4. Verkkoharvuuksista on annettu suosituksia, mutta varsinaisia kieltoja tai muita s\u00e4\u00e4ntelyj\u00e4 ei ole tehty. Kuhan alamitta oli osakaskunnan vesill\u00e4, kalastuslain mukaisesti, 42 cm<\/p>\n\n\n\n<p>Muu pyynnin j\u00e4rjestely<\/p>\n\n\n\n<p>Osakkailla on yhden verkon peruskalastusoikeuden lis\u00e4ksi mahdollisuus kalastaa uistimella, sek\u00e4 rajoittamattomalla m\u00e4\u00e4r\u00e4ll\u00e4 katiskoita. Pyydysmerkit tulee lunastaa. Osakkailla on lis\u00e4ksi oikeus lunastaa lis\u00e4luvat enint\u00e4\u00e4n nelj\u00e4lle (4) verkolle, ellei osakas ole oikeutettu suurempaan verkkom\u00e4\u00e4r\u00e4\u00e4n (enint\u00e4\u00e4n 8 kpl). Kalastuslain mukaisesti vapaa-ajan kalastajat saavat kalastaa enint\u00e4\u00e4n kahdeksalla (8) verkolla (= 240 metri\u00e4).<\/p>\n\n\n\n<p>Osakakunnan ulkopuolisten henkil\u00f6iden on mahdollista lunastaa kalastuslupia seuraavasti:<\/p>\n\n\n\n<p>Verkkolupia enint\u00e4\u00e4n viidelle (5) verkolle, katiskalupia rajoittamattomalle m\u00e4\u00e4r\u00e4lle sek\u00e4 uisteluluvat useammalle vavalle.<\/p>\n\n\n\n<p>Pitk\u00e4siima, max. 100 koukkua, on yksi (1) pyydysyksikk\u00f6 ja tarvitsee verkkoluvan.<\/p>\n\n\n\n<p>Lupamyynti<\/p>\n\n\n\n<p>Kalastuslupia on osakaskunnan vesialueille myyty vuonna 2025 seuraavasti: Katiskalupia osakkaille 25 kpl ja verkkolupia on myyty osakkaille 35 kpl. Osakaskunnan ulkopuolisille katiskalupia 1 kpl ja verkkolupia 1 kpl. Uistelulupia on myyty 2 kpl. Lupien voimassaoloaika on kaksi vuotta, vuodet 2025 &#8211; 2026 (merkitty pyydysmerkeiss\u00e4). Lupia ovat myyneet Haapam\u00e4en autohuolto\/Jokisen ev\u00e4\u00e4t, sek\u00e4 Erkki Aho.<\/p>\n\n\n\n<p>Kalastuksen valvonta<\/p>\n\n\n\n<p>Kalastuksen valvojina ovat toimineet Jukka Savonm\u00e4ki (Tervaj\u00e4rvell\u00e4) ja Erkki Aho (Ylti\u00e4nj\u00e4rvell\u00e4). Valvontaa on suoritettu pyydyksill\u00e4 k\u00e4yntien yhteydess\u00e4. Valvontakertoja on kertynyt yhteens\u00e4 10 kertaa. Erkki Aho on nimetty Keuruun kalatalousalueen kalastuksenvalvojaksi ja h\u00e4n teki siin\u00e4 ominaisuudessa kolme valontak\u00e4ynti\u00e4.<\/p>\n\n\n\n<p><strong>Muu toiminta<\/strong><\/p>\n\n\n\n<p>Osakaskunta j\u00e4rjesti osakkailleen KES\u00c4TAPAHTUMAN lauantaina 19.7.2025. Tapahtumassa esiteltiin osakaskunnan toimintaa, sek\u00e4 kerrottiin Ylti\u00e4nj\u00e4rven veden laadusta ja kalastosta. Saatavana oli makkarakeittoa, kahvia ja lettuja pient\u00e4 maksua vastaan.Kes\u00e4tapahtumassa k\u00e4vij\u00f6it\u00e4 oli l\u00e4hes viisikymment\u00e4 henkil\u00f6\u00e4.<\/p>\n\n\n\n<p>Ylti\u00e4n osakaskunnan nettisivut ovat Keuruun kalatalousalueen yll\u00e4pit\u00e4m\u00e4ll\u00e4 nettialustalla. Sivuston yll\u00e4pitoa ovat tehneet Erkki Aho ja Reijo L\u00e4hteenm\u00e4ki. Sivujen yll\u00e4pitoa varten k\u00e4ytiin koulutuksessa 9.5.2025. Pihlajaveden kyl\u00e4julkaisussa Aisapuussa on kerrottu\/esitelty osakaskunnan toimintaa ja p\u00e4\u00e4t\u00f6ksi\u00e4.<\/p>\n\n\n\n<p>Edustukset<\/p>\n\n\n\n<p>Osakaskunnan edustajina Keuruun kalatalousalueen yleisess\u00e4 kokouksessa olivat Erkki Aho ja Reijo L\u00e4hteenm\u00e4ki. Aho on toiminut kalatalousalueen hallituksessa. Keski-Suomen kalatalouskeskuksen kokouksiin oli edustajaksi valittu Erkki Aho ja varalle Reijo L\u00e4hteenm\u00e4ki. Erkki Aho osallistui Laukaan Varjolan tilalla kalatalouskeskuksen kokoukseen 25.4.2025<\/p>\n","protected":false},"excerpt":{"rendered":"<p>Ylti\u00e4n osakaskunta Toimintakertomus 2025 Yleist\u00e4 Osakaskunnan vesialueet sijaitsevat p\u00e4\u00e4osin Ylti\u00e4nj\u00e4rvess\u00e4 (334 ha, 91,3 % alueista), Tervaj\u00e4rvess\u00e4 ( 10 ha, 2,7 % alueista) sek\u00e4 Alasessa (15,5 ha, 4,2 % alueista). Muita alueita (lammet ym.) on 6,5 ha ja 1,8 % vesialueista. Osakaskunnan vesialueita ymp\u00e4r\u00f6iv\u00e4ss\u00e4 maan- ja rannanomistuksessa on tapahtunut paljon muutamassa vuosikymmeness\u00e4. Osakaskunnan alueella on nykyisell\u00e4\u00e4n<\/p>\n<p><a class=\"moretag\" href=\"https:\/\/keuruunkalatalousalue.fi\/yltia\/toimintakertomus\/\"> Lue lis\u00e4\u00e4 ><\/a><\/p>\n","protected":false},"author":29,"featured_media":0,"parent":0,"menu_order":0,"comment_status":"closed","ping_status":"closed","template":"basic-sivu.php","meta":{"_acf_changed":false,"footnotes":""},"class_list":["post-441","page","type-page","status-publish","hentry"],"acf":[],"yoast_head":"<!-- This site is optimized with the Yoast SEO plugin v27.1.1 - https:\/\/yoast.com\/product\/yoast-seo-wordpress\/ -->\n<title>Toimintakertomus - Ylti\u00e4n osakaskunta<\/title>\n<meta name=\"robots\" content=\"index, follow, max-snippet:-1, max-image-preview:large, max-video-preview:-1\" \/>\n<link rel=\"canonical\" href=\"https:\/\/keuruunkalatalousalue.fi\/yltia\/toimintakertomus\/\" \/>\n<meta property=\"og:locale\" content=\"fi_FI\" \/>\n<meta property=\"og:type\" content=\"article\" \/>\n<meta property=\"og:title\" content=\"Toimintakertomus - Ylti\u00e4n osakaskunta\" \/>\n<meta property=\"og:description\" content=\"Ylti\u00e4n osakaskunta Toimintakertomus 2025 Yleist\u00e4 Osakaskunnan vesialueet sijaitsevat p\u00e4\u00e4osin Ylti\u00e4nj\u00e4rvess\u00e4 (334 ha, 91,3 % alueista), Tervaj\u00e4rvess\u00e4 ( 10 ha, 2,7 % alueista) sek\u00e4 Alasessa (15,5 ha, 4,2 % alueista). Muita alueita (lammet ym.) on 6,5 ha ja 1,8 % vesialueista. Osakaskunnan vesialueita ymp\u00e4r\u00f6iv\u00e4ss\u00e4 maan- ja rannanomistuksessa on tapahtunut paljon muutamassa vuosikymmeness\u00e4. Osakaskunnan alueella on nykyisell\u00e4\u00e4n Lue lis\u00e4\u00e4 &gt;\" \/>\n<meta property=\"og:url\" content=\"https:\/\/keuruunkalatalousalue.fi\/yltia\/toimintakertomus\/\" \/>\n<meta property=\"og:site_name\" content=\"Ylti\u00e4n osakaskunta\" \/>\n<meta property=\"article:modified_time\" content=\"2026-04-21T15:13:46+00:00\" \/>\n<meta name=\"twitter:card\" content=\"summary_large_image\" \/>\n<meta name=\"twitter:label1\" content=\"Arvioitu lukuaika\" \/>\n\t<meta name=\"twitter:data1\" content=\"5 minuuttia\" \/>\n<script type=\"application\/ld+json\" class=\"yoast-schema-graph\">{\"@context\":\"https:\/\/schema.org\",\"@graph\":[{\"@type\":\"WebPage\",\"@id\":\"https:\/\/keuruunkalatalousalue.fi\/yltia\/toimintakertomus\/\",\"url\":\"https:\/\/keuruunkalatalousalue.fi\/yltia\/toimintakertomus\/\",\"name\":\"Toimintakertomus - Ylti\u00e4n osakaskunta\",\"isPartOf\":{\"@id\":\"https:\/\/keuruunkalatalousalue.fi\/yltia\/#website\"},\"datePublished\":\"2026-04-07T15:24:53+00:00\",\"dateModified\":\"2026-04-21T15:13:46+00:00\",\"breadcrumb\":{\"@id\":\"https:\/\/keuruunkalatalousalue.fi\/yltia\/toimintakertomus\/#breadcrumb\"},\"inLanguage\":\"fi\",\"potentialAction\":[{\"@type\":\"ReadAction\",\"target\":[\"https:\/\/keuruunkalatalousalue.fi\/yltia\/toimintakertomus\/\"]}]},{\"@type\":\"BreadcrumbList\",\"@id\":\"https:\/\/keuruunkalatalousalue.fi\/yltia\/toimintakertomus\/#breadcrumb\",\"itemListElement\":[{\"@type\":\"ListItem\",\"position\":1,\"name\":\"Etusivu\",\"item\":\"https:\/\/keuruunkalatalousalue.fi\/yltia\/\"},{\"@type\":\"ListItem\",\"position\":2,\"name\":\"Toimintakertomus\"}]},{\"@type\":\"WebSite\",\"@id\":\"https:\/\/keuruunkalatalousalue.fi\/yltia\/#website\",\"url\":\"https:\/\/keuruunkalatalousalue.fi\/yltia\/\",\"name\":\"Ylti\u00e4n osakaskunta\",\"description\":\"\",\"potentialAction\":[{\"@type\":\"SearchAction\",\"target\":{\"@type\":\"EntryPoint\",\"urlTemplate\":\"https:\/\/keuruunkalatalousalue.fi\/yltia\/?s={search_term_string}\"},\"query-input\":{\"@type\":\"PropertyValueSpecification\",\"valueRequired\":true,\"valueName\":\"search_term_string\"}}],\"inLanguage\":\"fi\"}]}<\/script>\n<!-- \/ Yoast SEO plugin. -->","yoast_head_json":{"title":"Toimintakertomus - Ylti\u00e4n osakaskunta","robots":{"index":"index","follow":"follow","max-snippet":"max-snippet:-1","max-image-preview":"max-image-preview:large","max-video-preview":"max-video-preview:-1"},"canonical":"https:\/\/keuruunkalatalousalue.fi\/yltia\/toimintakertomus\/","og_locale":"fi_FI","og_type":"article","og_title":"Toimintakertomus - Ylti\u00e4n osakaskunta","og_description":"Ylti\u00e4n osakaskunta Toimintakertomus 2025 Yleist\u00e4 Osakaskunnan vesialueet sijaitsevat p\u00e4\u00e4osin Ylti\u00e4nj\u00e4rvess\u00e4 (334 ha, 91,3 % alueista), Tervaj\u00e4rvess\u00e4 ( 10 ha, 2,7 % alueista) sek\u00e4 Alasessa (15,5 ha, 4,2 % alueista). Muita alueita (lammet ym.) on 6,5 ha ja 1,8 % vesialueista. Osakaskunnan vesialueita ymp\u00e4r\u00f6iv\u00e4ss\u00e4 maan- ja rannanomistuksessa on tapahtunut paljon muutamassa vuosikymmeness\u00e4. Osakaskunnan alueella on nykyisell\u00e4\u00e4n Lue lis\u00e4\u00e4 >","og_url":"https:\/\/keuruunkalatalousalue.fi\/yltia\/toimintakertomus\/","og_site_name":"Ylti\u00e4n osakaskunta","article_modified_time":"2026-04-21T15:13:46+00:00","twitter_card":"summary_large_image","twitter_misc":{"Arvioitu lukuaika":"5 minuuttia"},"schema":{"@context":"https:\/\/schema.org","@graph":[{"@type":"WebPage","@id":"https:\/\/keuruunkalatalousalue.fi\/yltia\/toimintakertomus\/","url":"https:\/\/keuruunkalatalousalue.fi\/yltia\/toimintakertomus\/","name":"Toimintakertomus - Ylti\u00e4n osakaskunta","isPartOf":{"@id":"https:\/\/keuruunkalatalousalue.fi\/yltia\/#website"},"datePublished":"2026-04-07T15:24:53+00:00","dateModified":"2026-04-21T15:13:46+00:00","breadcrumb":{"@id":"https:\/\/keuruunkalatalousalue.fi\/yltia\/toimintakertomus\/#breadcrumb"},"inLanguage":"fi","potentialAction":[{"@type":"ReadAction","target":["https:\/\/keuruunkalatalousalue.fi\/yltia\/toimintakertomus\/"]}]},{"@type":"BreadcrumbList","@id":"https:\/\/keuruunkalatalousalue.fi\/yltia\/toimintakertomus\/#breadcrumb","itemListElement":[{"@type":"ListItem","position":1,"name":"Etusivu","item":"https:\/\/keuruunkalatalousalue.fi\/yltia\/"},{"@type":"ListItem","position":2,"name":"Toimintakertomus"}]},{"@type":"WebSite","@id":"https:\/\/keuruunkalatalousalue.fi\/yltia\/#website","url":"https:\/\/keuruunkalatalousalue.fi\/yltia\/","name":"Ylti\u00e4n osakaskunta","description":"","potentialAction":[{"@type":"SearchAction","target":{"@type":"EntryPoint","urlTemplate":"https:\/\/keuruunkalatalousalue.fi\/yltia\/?s={search_term_string}"},"query-input":{"@type":"PropertyValueSpecification","valueRequired":true,"valueName":"search_term_string"}}],"inLanguage":"fi"}]}},"_links":{"self":[{"href":"https:\/\/keuruunkalatalousalue.fi\/yltia\/wp-json\/wp\/v2\/pages\/441","targetHints":{"allow":["GET"]}}],"collection":[{"href":"https:\/\/keuruunkalatalousalue.fi\/yltia\/wp-json\/wp\/v2\/pages"}],"about":[{"href":"https:\/\/keuruunkalatalousalue.fi\/yltia\/wp-json\/wp\/v2\/types\/page"}],"author":[{"embeddable":true,"href":"https:\/\/keuruunkalatalousalue.fi\/yltia\/wp-json\/wp\/v2\/users\/29"}],"replies":[{"embeddable":true,"href":"https:\/\/keuruunkalatalousalue.fi\/yltia\/wp-json\/wp\/v2\/comments?post=441"}],"version-history":[{"count":3,"href":"https:\/\/keuruunkalatalousalue.fi\/yltia\/wp-json\/wp\/v2\/pages\/441\/revisions"}],"predecessor-version":[{"id":460,"href":"https:\/\/keuruunkalatalousalue.fi\/yltia\/wp-json\/wp\/v2\/pages\/441\/revisions\/460"}],"wp:attachment":[{"href":"https:\/\/keuruunkalatalousalue.fi\/yltia\/wp-json\/wp\/v2\/media?parent=441"}],"curies":[{"name":"wp","href":"https:\/\/api.w.org\/{rel}","templated":true}]}}