{"id":97,"date":"2020-10-29T11:48:36","date_gmt":"2020-10-29T11:48:36","guid":{"rendered":"http:\/\/89.166.51.80\/~saarijarven\/hameenmaen-osakaskunta\/?page_id=97"},"modified":"2021-05-11T16:34:43","modified_gmt":"2021-05-11T13:34:43","slug":"pyydysmerkinnat","status":"publish","type":"page","link":"https:\/\/keuruunkalatalousalue.fi\/vaarinen\/luvat\/pyydysmerkinnat\/","title":{"rendered":"Pyydysmerkinn\u00e4t"},"content":{"rendered":"\n<h2 class=\"wp-block-heading\">Pyydysmerkinn\u00e4t<\/h2>\n\n\n\n<div class=\"wp-block-columns is-layout-flex wp-container-core-columns-is-layout-9d6595d7 wp-block-columns-is-layout-flex\"><\/div>\n\n\n\n<p><\/p>\n","protected":false},"excerpt":{"rendered":"<p>Pyydysmerkinn\u00e4t<\/p>\n","protected":false},"author":1,"featured_media":0,"parent":195,"menu_order":0,"comment_status":"closed","ping_status":"closed","template":"basic-sivu.php","meta":{"_acf_changed":false,"footnotes":""},"class_list":["post-97","page","type-page","status-publish","hentry"],"acf":[],"yoast_head":"<!-- This site is optimized with the Yoast SEO plugin v27.1.1 - https:\/\/yoast.com\/product\/yoast-seo-wordpress\/ -->\n<title>Pyydysmerkinn\u00e4t - V\u00e4\u00e4risen osakaskunta<\/title>\n<meta name=\"robots\" content=\"index, follow, max-snippet:-1, max-image-preview:large, max-video-preview:-1\" \/>\n<link rel=\"canonical\" href=\"https:\/\/keuruunkalatalousalue.fi\/vaarinen\/luvat\/pyydysmerkinnat\/\" \/>\n<meta property=\"og:locale\" content=\"fi_FI\" \/>\n<meta property=\"og:type\" content=\"article\" \/>\n<meta property=\"og:title\" content=\"Pyydysmerkinn\u00e4t - V\u00e4\u00e4risen osakaskunta\" \/>\n<meta property=\"og:description\" content=\"Pyydysmerkinn\u00e4t\" \/>\n<meta property=\"og:url\" content=\"https:\/\/keuruunkalatalousalue.fi\/vaarinen\/luvat\/pyydysmerkinnat\/\" \/>\n<meta property=\"og:site_name\" content=\"V\u00e4\u00e4risen osakaskunta\" \/>\n<meta property=\"article:modified_time\" content=\"2021-05-11T13:34:43+00:00\" \/>\n<meta name=\"twitter:card\" content=\"summary_large_image\" \/>\n<meta name=\"twitter:label1\" content=\"Arvioitu lukuaika\" \/>\n\t<meta name=\"twitter:data1\" content=\"1 minuutti\" \/>\n<script type=\"application\/ld+json\" class=\"yoast-schema-graph\">{\"@context\":\"https:\/\/schema.org\",\"@graph\":[{\"@type\":\"WebPage\",\"@id\":\"https:\/\/keuruunkalatalousalue.fi\/vaarinen\/luvat\/pyydysmerkinnat\/\",\"url\":\"https:\/\/keuruunkalatalousalue.fi\/vaarinen\/luvat\/pyydysmerkinnat\/\",\"name\":\"Pyydysmerkinn\u00e4t - V\u00e4\u00e4risen osakaskunta\",\"isPartOf\":{\"@id\":\"https:\/\/keuruunkalatalousalue.fi\/vaarinen\/#website\"},\"datePublished\":\"2020-10-29T11:48:36+00:00\",\"dateModified\":\"2021-05-11T13:34:43+00:00\",\"breadcrumb\":{\"@id\":\"https:\/\/keuruunkalatalousalue.fi\/vaarinen\/luvat\/pyydysmerkinnat\/#breadcrumb\"},\"inLanguage\":\"fi\",\"potentialAction\":[{\"@type\":\"ReadAction\",\"target\":[\"https:\/\/keuruunkalatalousalue.fi\/vaarinen\/luvat\/pyydysmerkinnat\/\"]}]},{\"@type\":\"BreadcrumbList\",\"@id\":\"https:\/\/keuruunkalatalousalue.fi\/vaarinen\/luvat\/pyydysmerkinnat\/#breadcrumb\",\"itemListElement\":[{\"@type\":\"ListItem\",\"position\":1,\"name\":\"Etusivu\",\"item\":\"https:\/\/keuruunkalatalousalue.fi\/vaarinen\/\"},{\"@type\":\"ListItem\",\"position\":2,\"name\":\"Yksityinen: Luvat\",\"item\":\"https:\/\/keuruunkalatalousalue.fi\/vaarinen\/?page_id=195\"},{\"@type\":\"ListItem\",\"position\":3,\"name\":\"Pyydysmerkinn\u00e4t\"}]},{\"@type\":\"WebSite\",\"@id\":\"https:\/\/keuruunkalatalousalue.fi\/vaarinen\/#website\",\"url\":\"https:\/\/keuruunkalatalousalue.fi\/vaarinen\/\",\"name\":\"V\u00e4\u00e4risen osakaskunta\",\"description\":\"\",\"potentialAction\":[{\"@type\":\"SearchAction\",\"target\":{\"@type\":\"EntryPoint\",\"urlTemplate\":\"https:\/\/keuruunkalatalousalue.fi\/vaarinen\/?s={search_term_string}\"},\"query-input\":{\"@type\":\"PropertyValueSpecification\",\"valueRequired\":true,\"valueName\":\"search_term_string\"}}],\"inLanguage\":\"fi\"}]}<\/script>\n<!-- \/ Yoast SEO plugin. -->","yoast_head_json":{"title":"Pyydysmerkinn\u00e4t - V\u00e4\u00e4risen osakaskunta","robots":{"index":"index","follow":"follow","max-snippet":"max-snippet:-1","max-image-preview":"max-image-preview:large","max-video-preview":"max-video-preview:-1"},"canonical":"https:\/\/keuruunkalatalousalue.fi\/vaarinen\/luvat\/pyydysmerkinnat\/","og_locale":"fi_FI","og_type":"article","og_title":"Pyydysmerkinn\u00e4t - V\u00e4\u00e4risen osakaskunta","og_description":"Pyydysmerkinn\u00e4t","og_url":"https:\/\/keuruunkalatalousalue.fi\/vaarinen\/luvat\/pyydysmerkinnat\/","og_site_name":"V\u00e4\u00e4risen osakaskunta","article_modified_time":"2021-05-11T13:34:43+00:00","twitter_card":"summary_large_image","twitter_misc":{"Arvioitu lukuaika":"1 minuutti"},"schema":{"@context":"https:\/\/schema.org","@graph":[{"@type":"WebPage","@id":"https:\/\/keuruunkalatalousalue.fi\/vaarinen\/luvat\/pyydysmerkinnat\/","url":"https:\/\/keuruunkalatalousalue.fi\/vaarinen\/luvat\/pyydysmerkinnat\/","name":"Pyydysmerkinn\u00e4t - V\u00e4\u00e4risen osakaskunta","isPartOf":{"@id":"https:\/\/keuruunkalatalousalue.fi\/vaarinen\/#website"},"datePublished":"2020-10-29T11:48:36+00:00","dateModified":"2021-05-11T13:34:43+00:00","breadcrumb":{"@id":"https:\/\/keuruunkalatalousalue.fi\/vaarinen\/luvat\/pyydysmerkinnat\/#breadcrumb"},"inLanguage":"fi","potentialAction":[{"@type":"ReadAction","target":["https:\/\/keuruunkalatalousalue.fi\/vaarinen\/luvat\/pyydysmerkinnat\/"]}]},{"@type":"BreadcrumbList","@id":"https:\/\/keuruunkalatalousalue.fi\/vaarinen\/luvat\/pyydysmerkinnat\/#breadcrumb","itemListElement":[{"@type":"ListItem","position":1,"name":"Etusivu","item":"https:\/\/keuruunkalatalousalue.fi\/vaarinen\/"},{"@type":"ListItem","position":2,"name":"Yksityinen: Luvat","item":"https:\/\/keuruunkalatalousalue.fi\/vaarinen\/?page_id=195"},{"@type":"ListItem","position":3,"name":"Pyydysmerkinn\u00e4t"}]},{"@type":"WebSite","@id":"https:\/\/keuruunkalatalousalue.fi\/vaarinen\/#website","url":"https:\/\/keuruunkalatalousalue.fi\/vaarinen\/","name":"V\u00e4\u00e4risen osakaskunta","description":"","potentialAction":[{"@type":"SearchAction","target":{"@type":"EntryPoint","urlTemplate":"https:\/\/keuruunkalatalousalue.fi\/vaarinen\/?s={search_term_string}"},"query-input":{"@type":"PropertyValueSpecification","valueRequired":true,"valueName":"search_term_string"}}],"inLanguage":"fi"}]}},"_links":{"self":[{"href":"https:\/\/keuruunkalatalousalue.fi\/vaarinen\/wp-json\/wp\/v2\/pages\/97","targetHints":{"allow":["GET"]}}],"collection":[{"href":"https:\/\/keuruunkalatalousalue.fi\/vaarinen\/wp-json\/wp\/v2\/pages"}],"about":[{"href":"https:\/\/keuruunkalatalousalue.fi\/vaarinen\/wp-json\/wp\/v2\/types\/page"}],"author":[{"embeddable":true,"href":"https:\/\/keuruunkalatalousalue.fi\/vaarinen\/wp-json\/wp\/v2\/users\/1"}],"replies":[{"embeddable":true,"href":"https:\/\/keuruunkalatalousalue.fi\/vaarinen\/wp-json\/wp\/v2\/comments?post=97"}],"version-history":[{"count":2,"href":"https:\/\/keuruunkalatalousalue.fi\/vaarinen\/wp-json\/wp\/v2\/pages\/97\/revisions"}],"predecessor-version":[{"id":231,"href":"https:\/\/keuruunkalatalousalue.fi\/vaarinen\/wp-json\/wp\/v2\/pages\/97\/revisions\/231"}],"up":[{"embeddable":true,"href":"https:\/\/keuruunkalatalousalue.fi\/vaarinen\/wp-json\/wp\/v2\/pages\/195"}],"wp:attachment":[{"href":"https:\/\/keuruunkalatalousalue.fi\/vaarinen\/wp-json\/wp\/v2\/media?parent=97"}],"curies":[{"name":"wp","href":"https:\/\/api.w.org\/{rel}","templated":true}]}}