{"id":193,"date":"2020-10-22T07:32:51","date_gmt":"2020-10-22T07:32:51","guid":{"rendered":"http:\/\/89.166.51.80\/~saarijarven\/hameenmaen-osakaskunta\/?page_id=2"},"modified":"2023-03-01T10:34:49","modified_gmt":"2023-03-01T08:34:49","slug":"etusivu","status":"publish","type":"page","link":"https:\/\/keuruunkalatalousalue.fi\/vaarinen\/","title":{"rendered":"Etusivu"},"content":{"rendered":"\n<h2 class=\"wp-block-heading\">Tervetuloa V\u00e4\u00e4risen osakaskuntaan<\/h2>\n\n\n\n<p><\/p>\n","protected":false},"excerpt":{"rendered":"<p>Tervetuloa V\u00e4\u00e4risen osakaskuntaan<\/p>\n","protected":false},"author":1,"featured_media":0,"parent":0,"menu_order":0,"comment_status":"closed","ping_status":"open","template":"","meta":{"_acf_changed":false,"footnotes":""},"class_list":["post-193","page","type-page","status-publish","hentry"],"acf":[],"yoast_head":"<!-- This site is optimized with the Yoast SEO plugin v27.1.1 - https:\/\/yoast.com\/product\/yoast-seo-wordpress\/ -->\n<title>Etusivu - V\u00e4\u00e4risen osakaskunta<\/title>\n<meta name=\"robots\" content=\"index, follow, max-snippet:-1, max-image-preview:large, max-video-preview:-1\" \/>\n<link rel=\"canonical\" href=\"https:\/\/keuruunkalatalousalue.fi\/vaarinen\/\" \/>\n<meta property=\"og:locale\" content=\"fi_FI\" \/>\n<meta property=\"og:type\" content=\"article\" \/>\n<meta property=\"og:title\" content=\"Etusivu - V\u00e4\u00e4risen osakaskunta\" \/>\n<meta property=\"og:description\" content=\"Tervetuloa V\u00e4\u00e4risen osakaskuntaan\" \/>\n<meta property=\"og:url\" content=\"https:\/\/keuruunkalatalousalue.fi\/vaarinen\/\" \/>\n<meta property=\"og:site_name\" content=\"V\u00e4\u00e4risen osakaskunta\" \/>\n<meta property=\"article:modified_time\" content=\"2023-03-01T08:34:49+00:00\" \/>\n<meta name=\"twitter:card\" content=\"summary_large_image\" \/>\n<meta name=\"twitter:label1\" content=\"Arvioitu lukuaika\" \/>\n\t<meta name=\"twitter:data1\" content=\"1 minuutti\" \/>\n<script type=\"application\/ld+json\" class=\"yoast-schema-graph\">{\"@context\":\"https:\/\/schema.org\",\"@graph\":[{\"@type\":\"WebPage\",\"@id\":\"https:\/\/keuruunkalatalousalue.fi\/vaarinen\/\",\"url\":\"https:\/\/keuruunkalatalousalue.fi\/vaarinen\/\",\"name\":\"Etusivu - V\u00e4\u00e4risen osakaskunta\",\"isPartOf\":{\"@id\":\"https:\/\/keuruunkalatalousalue.fi\/vaarinen\/#website\"},\"datePublished\":\"2020-10-22T07:32:51+00:00\",\"dateModified\":\"2023-03-01T08:34:49+00:00\",\"breadcrumb\":{\"@id\":\"https:\/\/keuruunkalatalousalue.fi\/vaarinen\/#breadcrumb\"},\"inLanguage\":\"fi\",\"potentialAction\":[{\"@type\":\"ReadAction\",\"target\":[\"https:\/\/keuruunkalatalousalue.fi\/vaarinen\/\"]}]},{\"@type\":\"BreadcrumbList\",\"@id\":\"https:\/\/keuruunkalatalousalue.fi\/vaarinen\/#breadcrumb\",\"itemListElement\":[{\"@type\":\"ListItem\",\"position\":1,\"name\":\"Etusivu\",\"item\":\"https:\/\/keuruunkalatalousalue.fi\/vaarinen\/\"},{\"@type\":\"ListItem\",\"position\":2,\"name\":\"Etusivu\"}]},{\"@type\":\"WebSite\",\"@id\":\"https:\/\/keuruunkalatalousalue.fi\/vaarinen\/#website\",\"url\":\"https:\/\/keuruunkalatalousalue.fi\/vaarinen\/\",\"name\":\"V\u00e4\u00e4risen osakaskunta\",\"description\":\"\",\"potentialAction\":[{\"@type\":\"SearchAction\",\"target\":{\"@type\":\"EntryPoint\",\"urlTemplate\":\"https:\/\/keuruunkalatalousalue.fi\/vaarinen\/?s={search_term_string}\"},\"query-input\":{\"@type\":\"PropertyValueSpecification\",\"valueRequired\":true,\"valueName\":\"search_term_string\"}}],\"inLanguage\":\"fi\"}]}<\/script>\n<!-- \/ Yoast SEO plugin. -->","yoast_head_json":{"title":"Etusivu - V\u00e4\u00e4risen osakaskunta","robots":{"index":"index","follow":"follow","max-snippet":"max-snippet:-1","max-image-preview":"max-image-preview:large","max-video-preview":"max-video-preview:-1"},"canonical":"https:\/\/keuruunkalatalousalue.fi\/vaarinen\/","og_locale":"fi_FI","og_type":"article","og_title":"Etusivu - V\u00e4\u00e4risen osakaskunta","og_description":"Tervetuloa V\u00e4\u00e4risen osakaskuntaan","og_url":"https:\/\/keuruunkalatalousalue.fi\/vaarinen\/","og_site_name":"V\u00e4\u00e4risen osakaskunta","article_modified_time":"2023-03-01T08:34:49+00:00","twitter_card":"summary_large_image","twitter_misc":{"Arvioitu lukuaika":"1 minuutti"},"schema":{"@context":"https:\/\/schema.org","@graph":[{"@type":"WebPage","@id":"https:\/\/keuruunkalatalousalue.fi\/vaarinen\/","url":"https:\/\/keuruunkalatalousalue.fi\/vaarinen\/","name":"Etusivu - V\u00e4\u00e4risen osakaskunta","isPartOf":{"@id":"https:\/\/keuruunkalatalousalue.fi\/vaarinen\/#website"},"datePublished":"2020-10-22T07:32:51+00:00","dateModified":"2023-03-01T08:34:49+00:00","breadcrumb":{"@id":"https:\/\/keuruunkalatalousalue.fi\/vaarinen\/#breadcrumb"},"inLanguage":"fi","potentialAction":[{"@type":"ReadAction","target":["https:\/\/keuruunkalatalousalue.fi\/vaarinen\/"]}]},{"@type":"BreadcrumbList","@id":"https:\/\/keuruunkalatalousalue.fi\/vaarinen\/#breadcrumb","itemListElement":[{"@type":"ListItem","position":1,"name":"Etusivu","item":"https:\/\/keuruunkalatalousalue.fi\/vaarinen\/"},{"@type":"ListItem","position":2,"name":"Etusivu"}]},{"@type":"WebSite","@id":"https:\/\/keuruunkalatalousalue.fi\/vaarinen\/#website","url":"https:\/\/keuruunkalatalousalue.fi\/vaarinen\/","name":"V\u00e4\u00e4risen osakaskunta","description":"","potentialAction":[{"@type":"SearchAction","target":{"@type":"EntryPoint","urlTemplate":"https:\/\/keuruunkalatalousalue.fi\/vaarinen\/?s={search_term_string}"},"query-input":{"@type":"PropertyValueSpecification","valueRequired":true,"valueName":"search_term_string"}}],"inLanguage":"fi"}]}},"_links":{"self":[{"href":"https:\/\/keuruunkalatalousalue.fi\/vaarinen\/wp-json\/wp\/v2\/pages\/193","targetHints":{"allow":["GET"]}}],"collection":[{"href":"https:\/\/keuruunkalatalousalue.fi\/vaarinen\/wp-json\/wp\/v2\/pages"}],"about":[{"href":"https:\/\/keuruunkalatalousalue.fi\/vaarinen\/wp-json\/wp\/v2\/types\/page"}],"author":[{"embeddable":true,"href":"https:\/\/keuruunkalatalousalue.fi\/vaarinen\/wp-json\/wp\/v2\/users\/1"}],"replies":[{"embeddable":true,"href":"https:\/\/keuruunkalatalousalue.fi\/vaarinen\/wp-json\/wp\/v2\/comments?post=193"}],"version-history":[{"count":5,"href":"https:\/\/keuruunkalatalousalue.fi\/vaarinen\/wp-json\/wp\/v2\/pages\/193\/revisions"}],"predecessor-version":[{"id":246,"href":"https:\/\/keuruunkalatalousalue.fi\/vaarinen\/wp-json\/wp\/v2\/pages\/193\/revisions\/246"}],"wp:attachment":[{"href":"https:\/\/keuruunkalatalousalue.fi\/vaarinen\/wp-json\/wp\/v2\/media?parent=193"}],"curies":[{"name":"wp","href":"https:\/\/api.w.org\/{rel}","templated":true}]}}