{"id":56,"date":"2020-10-29T10:03:00","date_gmt":"2020-10-29T10:03:00","guid":{"rendered":"http:\/\/89.166.51.80\/~saarijarven\/hameenmaen-osakaskunta\/?page_id=56"},"modified":"2025-05-09T17:21:36","modified_gmt":"2025-05-09T14:21:36","slug":"saannot","status":"publish","type":"page","link":"https:\/\/keuruunkalatalousalue.fi\/tiusala\/hallinto\/saannot\/","title":{"rendered":"S\u00e4\u00e4nn\u00f6t"},"content":{"rendered":"\n<h2 class=\"wp-block-heading\">Osakaskunnan s\u00e4\u00e4nn\u00f6t<\/h2>\n\n\n\n<p><\/p>\n\n\n\n<div data-wp-interactive=\"core\/file\" class=\"wp-block-file\"><object data-wp-bind--hidden=\"!state.hasPdfPreview\" hidden class=\"wp-block-file__embed\" data=\"https:\/\/keuruunkalatalousalue.fi\/tiusala\/wp-content\/uploads\/sites\/23\/2025\/05\/Tiusalan-Osakaskunnan-saannot-2007.pdf\" type=\"application\/pdf\" style=\"width:100%;height:600px\" aria-label=\"Tiedoston Tiusalan Osakaskunnan s\u00e4\u00e4nn\u00f6t 2007 upotus.\"><\/object><a id=\"wp-block-file--media-0fc20466-4a15-49de-920c-54dcd8ef14a0\" href=\"https:\/\/keuruunkalatalousalue.fi\/tiusala\/wp-content\/uploads\/sites\/23\/2025\/05\/Tiusalan-Osakaskunnan-saannot-2007.pdf\">Tiusalan Osakaskunnan s\u00e4\u00e4nn\u00f6t 2007<\/a><a href=\"https:\/\/keuruunkalatalousalue.fi\/tiusala\/wp-content\/uploads\/sites\/23\/2025\/05\/Tiusalan-Osakaskunnan-saannot-2007.pdf\" class=\"wp-block-file__button wp-element-button\" download aria-describedby=\"wp-block-file--media-0fc20466-4a15-49de-920c-54dcd8ef14a0\">Lataa<\/a><\/div>\n","protected":false},"excerpt":{"rendered":"<p>Osakaskunnan s\u00e4\u00e4nn\u00f6t<\/p>\n","protected":false},"author":1,"featured_media":258,"parent":187,"menu_order":0,"comment_status":"closed","ping_status":"closed","template":"basic-sivu.php","meta":{"_acf_changed":false,"footnotes":""},"class_list":["post-56","page","type-page","status-publish","has-post-thumbnail","hentry"],"acf":[],"yoast_head":"<!-- This site is optimized with the Yoast SEO plugin v27.1.1 - https:\/\/yoast.com\/product\/yoast-seo-wordpress\/ -->\n<title>S\u00e4\u00e4nn\u00f6t - Tiusalan osakaskunta<\/title>\n<meta name=\"robots\" content=\"index, follow, max-snippet:-1, max-image-preview:large, max-video-preview:-1\" \/>\n<link rel=\"canonical\" href=\"https:\/\/keuruunkalatalousalue.fi\/tiusala\/hallinto\/saannot\/\" \/>\n<meta property=\"og:locale\" content=\"fi_FI\" \/>\n<meta property=\"og:type\" content=\"article\" \/>\n<meta property=\"og:title\" content=\"S\u00e4\u00e4nn\u00f6t - Tiusalan osakaskunta\" \/>\n<meta property=\"og:description\" content=\"Osakaskunnan s\u00e4\u00e4nn\u00f6t\" \/>\n<meta property=\"og:url\" content=\"https:\/\/keuruunkalatalousalue.fi\/tiusala\/hallinto\/saannot\/\" \/>\n<meta property=\"og:site_name\" content=\"Tiusalan osakaskunta\" \/>\n<meta property=\"article:modified_time\" content=\"2025-05-09T14:21:36+00:00\" \/>\n<meta property=\"og:image\" content=\"https:\/\/keuruunkalatalousalue.fi\/tiusala\/wp-content\/uploads\/sites\/23\/2025\/05\/IMG_2318-scaled.jpg\" \/>\n\t<meta property=\"og:image:width\" content=\"1707\" \/>\n\t<meta property=\"og:image:height\" content=\"2560\" \/>\n\t<meta property=\"og:image:type\" content=\"image\/jpeg\" \/>\n<meta name=\"twitter:card\" content=\"summary_large_image\" \/>\n<meta name=\"twitter:label1\" content=\"Arvioitu lukuaika\" \/>\n\t<meta name=\"twitter:data1\" content=\"1 minuutti\" \/>\n<script type=\"application\/ld+json\" class=\"yoast-schema-graph\">{\"@context\":\"https:\/\/schema.org\",\"@graph\":[{\"@type\":\"WebPage\",\"@id\":\"https:\/\/keuruunkalatalousalue.fi\/tiusala\/hallinto\/saannot\/\",\"url\":\"https:\/\/keuruunkalatalousalue.fi\/tiusala\/hallinto\/saannot\/\",\"name\":\"S\u00e4\u00e4nn\u00f6t - Tiusalan osakaskunta\",\"isPartOf\":{\"@id\":\"https:\/\/keuruunkalatalousalue.fi\/tiusala\/#website\"},\"primaryImageOfPage\":{\"@id\":\"https:\/\/keuruunkalatalousalue.fi\/tiusala\/hallinto\/saannot\/#primaryimage\"},\"image\":{\"@id\":\"https:\/\/keuruunkalatalousalue.fi\/tiusala\/hallinto\/saannot\/#primaryimage\"},\"thumbnailUrl\":\"https:\/\/keuruunkalatalousalue.fi\/tiusala\/wp-content\/uploads\/sites\/23\/2025\/05\/IMG_2318-scaled.jpg\",\"datePublished\":\"2020-10-29T10:03:00+00:00\",\"dateModified\":\"2025-05-09T14:21:36+00:00\",\"breadcrumb\":{\"@id\":\"https:\/\/keuruunkalatalousalue.fi\/tiusala\/hallinto\/saannot\/#breadcrumb\"},\"inLanguage\":\"fi\",\"potentialAction\":[{\"@type\":\"ReadAction\",\"target\":[\"https:\/\/keuruunkalatalousalue.fi\/tiusala\/hallinto\/saannot\/\"]}]},{\"@type\":\"ImageObject\",\"inLanguage\":\"fi\",\"@id\":\"https:\/\/keuruunkalatalousalue.fi\/tiusala\/hallinto\/saannot\/#primaryimage\",\"url\":\"https:\/\/keuruunkalatalousalue.fi\/tiusala\/wp-content\/uploads\/sites\/23\/2025\/05\/IMG_2318-scaled.jpg\",\"contentUrl\":\"https:\/\/keuruunkalatalousalue.fi\/tiusala\/wp-content\/uploads\/sites\/23\/2025\/05\/IMG_2318-scaled.jpg\",\"width\":1707,\"height\":2560},{\"@type\":\"BreadcrumbList\",\"@id\":\"https:\/\/keuruunkalatalousalue.fi\/tiusala\/hallinto\/saannot\/#breadcrumb\",\"itemListElement\":[{\"@type\":\"ListItem\",\"position\":1,\"name\":\"Etusivu\",\"item\":\"https:\/\/keuruunkalatalousalue.fi\/tiusala\/\"},{\"@type\":\"ListItem\",\"position\":2,\"name\":\"Yksityinen: Hallinto\",\"item\":\"https:\/\/keuruunkalatalousalue.fi\/tiusala\/?page_id=187\"},{\"@type\":\"ListItem\",\"position\":3,\"name\":\"S\u00e4\u00e4nn\u00f6t\"}]},{\"@type\":\"WebSite\",\"@id\":\"https:\/\/keuruunkalatalousalue.fi\/tiusala\/#website\",\"url\":\"https:\/\/keuruunkalatalousalue.fi\/tiusala\/\",\"name\":\"Tiusalan osakaskunta\",\"description\":\"\",\"potentialAction\":[{\"@type\":\"SearchAction\",\"target\":{\"@type\":\"EntryPoint\",\"urlTemplate\":\"https:\/\/keuruunkalatalousalue.fi\/tiusala\/?s={search_term_string}\"},\"query-input\":{\"@type\":\"PropertyValueSpecification\",\"valueRequired\":true,\"valueName\":\"search_term_string\"}}],\"inLanguage\":\"fi\"}]}<\/script>\n<!-- \/ Yoast SEO plugin. -->","yoast_head_json":{"title":"S\u00e4\u00e4nn\u00f6t - Tiusalan osakaskunta","robots":{"index":"index","follow":"follow","max-snippet":"max-snippet:-1","max-image-preview":"max-image-preview:large","max-video-preview":"max-video-preview:-1"},"canonical":"https:\/\/keuruunkalatalousalue.fi\/tiusala\/hallinto\/saannot\/","og_locale":"fi_FI","og_type":"article","og_title":"S\u00e4\u00e4nn\u00f6t - Tiusalan osakaskunta","og_description":"Osakaskunnan s\u00e4\u00e4nn\u00f6t","og_url":"https:\/\/keuruunkalatalousalue.fi\/tiusala\/hallinto\/saannot\/","og_site_name":"Tiusalan osakaskunta","article_modified_time":"2025-05-09T14:21:36+00:00","og_image":[{"width":1707,"height":2560,"url":"https:\/\/keuruunkalatalousalue.fi\/tiusala\/wp-content\/uploads\/sites\/23\/2025\/05\/IMG_2318-scaled.jpg","type":"image\/jpeg"}],"twitter_card":"summary_large_image","twitter_misc":{"Arvioitu lukuaika":"1 minuutti"},"schema":{"@context":"https:\/\/schema.org","@graph":[{"@type":"WebPage","@id":"https:\/\/keuruunkalatalousalue.fi\/tiusala\/hallinto\/saannot\/","url":"https:\/\/keuruunkalatalousalue.fi\/tiusala\/hallinto\/saannot\/","name":"S\u00e4\u00e4nn\u00f6t - Tiusalan osakaskunta","isPartOf":{"@id":"https:\/\/keuruunkalatalousalue.fi\/tiusala\/#website"},"primaryImageOfPage":{"@id":"https:\/\/keuruunkalatalousalue.fi\/tiusala\/hallinto\/saannot\/#primaryimage"},"image":{"@id":"https:\/\/keuruunkalatalousalue.fi\/tiusala\/hallinto\/saannot\/#primaryimage"},"thumbnailUrl":"https:\/\/keuruunkalatalousalue.fi\/tiusala\/wp-content\/uploads\/sites\/23\/2025\/05\/IMG_2318-scaled.jpg","datePublished":"2020-10-29T10:03:00+00:00","dateModified":"2025-05-09T14:21:36+00:00","breadcrumb":{"@id":"https:\/\/keuruunkalatalousalue.fi\/tiusala\/hallinto\/saannot\/#breadcrumb"},"inLanguage":"fi","potentialAction":[{"@type":"ReadAction","target":["https:\/\/keuruunkalatalousalue.fi\/tiusala\/hallinto\/saannot\/"]}]},{"@type":"ImageObject","inLanguage":"fi","@id":"https:\/\/keuruunkalatalousalue.fi\/tiusala\/hallinto\/saannot\/#primaryimage","url":"https:\/\/keuruunkalatalousalue.fi\/tiusala\/wp-content\/uploads\/sites\/23\/2025\/05\/IMG_2318-scaled.jpg","contentUrl":"https:\/\/keuruunkalatalousalue.fi\/tiusala\/wp-content\/uploads\/sites\/23\/2025\/05\/IMG_2318-scaled.jpg","width":1707,"height":2560},{"@type":"BreadcrumbList","@id":"https:\/\/keuruunkalatalousalue.fi\/tiusala\/hallinto\/saannot\/#breadcrumb","itemListElement":[{"@type":"ListItem","position":1,"name":"Etusivu","item":"https:\/\/keuruunkalatalousalue.fi\/tiusala\/"},{"@type":"ListItem","position":2,"name":"Yksityinen: Hallinto","item":"https:\/\/keuruunkalatalousalue.fi\/tiusala\/?page_id=187"},{"@type":"ListItem","position":3,"name":"S\u00e4\u00e4nn\u00f6t"}]},{"@type":"WebSite","@id":"https:\/\/keuruunkalatalousalue.fi\/tiusala\/#website","url":"https:\/\/keuruunkalatalousalue.fi\/tiusala\/","name":"Tiusalan osakaskunta","description":"","potentialAction":[{"@type":"SearchAction","target":{"@type":"EntryPoint","urlTemplate":"https:\/\/keuruunkalatalousalue.fi\/tiusala\/?s={search_term_string}"},"query-input":{"@type":"PropertyValueSpecification","valueRequired":true,"valueName":"search_term_string"}}],"inLanguage":"fi"}]}},"_links":{"self":[{"href":"https:\/\/keuruunkalatalousalue.fi\/tiusala\/wp-json\/wp\/v2\/pages\/56","targetHints":{"allow":["GET"]}}],"collection":[{"href":"https:\/\/keuruunkalatalousalue.fi\/tiusala\/wp-json\/wp\/v2\/pages"}],"about":[{"href":"https:\/\/keuruunkalatalousalue.fi\/tiusala\/wp-json\/wp\/v2\/types\/page"}],"author":[{"embeddable":true,"href":"https:\/\/keuruunkalatalousalue.fi\/tiusala\/wp-json\/wp\/v2\/users\/1"}],"replies":[{"embeddable":true,"href":"https:\/\/keuruunkalatalousalue.fi\/tiusala\/wp-json\/wp\/v2\/comments?post=56"}],"version-history":[{"count":7,"href":"https:\/\/keuruunkalatalousalue.fi\/tiusala\/wp-json\/wp\/v2\/pages\/56\/revisions"}],"predecessor-version":[{"id":295,"href":"https:\/\/keuruunkalatalousalue.fi\/tiusala\/wp-json\/wp\/v2\/pages\/56\/revisions\/295"}],"up":[{"embeddable":true,"href":"https:\/\/keuruunkalatalousalue.fi\/tiusala\/wp-json\/wp\/v2\/pages\/187"}],"wp:featuredmedia":[{"embeddable":true,"href":"https:\/\/keuruunkalatalousalue.fi\/tiusala\/wp-json\/wp\/v2\/media\/258"}],"wp:attachment":[{"href":"https:\/\/keuruunkalatalousalue.fi\/tiusala\/wp-json\/wp\/v2\/media?parent=56"}],"curies":[{"name":"wp","href":"https:\/\/api.w.org\/{rel}","templated":true}]}}