{"id":78,"date":"2020-10-29T11:27:57","date_gmt":"2020-10-29T11:27:57","guid":{"rendered":"http:\/\/89.166.51.80\/~saarijarven\/hameenmaen-osakaskunta\/?page_id=78"},"modified":"2025-05-11T17:25:33","modified_gmt":"2025-05-11T14:25:33","slug":"valokuvia","status":"publish","type":"page","link":"https:\/\/keuruunkalatalousalue.fi\/multia\/valokuvia\/","title":{"rendered":"Kuvat ja Media"},"content":{"rendered":"\n<h2 class=\"wp-block-heading\">Valokuvia<\/h2>\n\n\n\n<h2 class=\"wp-block-heading\">SINERV\u00c4 JA ISO- JA PIENI-MULTIANJ\u00c4RVI<\/h2>\n\n\n\n<figure class=\"wp-block-image size-large\"><img loading=\"lazy\" decoding=\"async\" width=\"1024\" height=\"768\" src=\"https:\/\/keuruunkalatalousalue.fi\/multia\/wp-content\/uploads\/sites\/17\/2023\/06\/Sinerva-26052017-1024x768.jpeg\" alt=\"\" class=\"wp-image-270\" srcset=\"https:\/\/keuruunkalatalousalue.fi\/multia\/wp-content\/uploads\/sites\/17\/2023\/06\/Sinerva-26052017-1024x768.jpeg 1024w, https:\/\/keuruunkalatalousalue.fi\/multia\/wp-content\/uploads\/sites\/17\/2023\/06\/Sinerva-26052017-300x225.jpeg 300w, https:\/\/keuruunkalatalousalue.fi\/multia\/wp-content\/uploads\/sites\/17\/2023\/06\/Sinerva-26052017-768x576.jpeg 768w, https:\/\/keuruunkalatalousalue.fi\/multia\/wp-content\/uploads\/sites\/17\/2023\/06\/Sinerva-26052017-1536x1152.jpeg 1536w, https:\/\/keuruunkalatalousalue.fi\/multia\/wp-content\/uploads\/sites\/17\/2023\/06\/Sinerva-26052017-2048x1536.jpeg 2048w\" sizes=\"auto, (max-width: 1024px) 100vw, 1024px\" \/><\/figure>\n\n\n\n<figure class=\"wp-block-image size-large\"><img loading=\"lazy\" decoding=\"async\" width=\"768\" height=\"1024\" src=\"https:\/\/keuruunkalatalousalue.fi\/multia\/wp-content\/uploads\/sites\/17\/2023\/07\/IMG_5783-768x1024.jpeg\" alt=\"\" class=\"wp-image-352\" srcset=\"https:\/\/keuruunkalatalousalue.fi\/multia\/wp-content\/uploads\/sites\/17\/2023\/07\/IMG_5783-768x1024.jpeg 768w, https:\/\/keuruunkalatalousalue.fi\/multia\/wp-content\/uploads\/sites\/17\/2023\/07\/IMG_5783-225x300.jpeg 225w, https:\/\/keuruunkalatalousalue.fi\/multia\/wp-content\/uploads\/sites\/17\/2023\/07\/IMG_5783-1152x1536.jpeg 1152w, https:\/\/keuruunkalatalousalue.fi\/multia\/wp-content\/uploads\/sites\/17\/2023\/07\/IMG_5783-1536x2048.jpeg 1536w, https:\/\/keuruunkalatalousalue.fi\/multia\/wp-content\/uploads\/sites\/17\/2023\/07\/IMG_5783-scaled.jpeg 1920w\" sizes=\"auto, (max-width: 768px) 100vw, 768px\" \/><figcaption class=\"wp-element-caption\">Kuunsilta Sinerv\u00e4ll\u00e4<\/figcaption><\/figure>\n\n\n\n<figure class=\"wp-block-image size-large\"><img loading=\"lazy\" decoding=\"async\" width=\"1024\" height=\"384\" src=\"https:\/\/keuruunkalatalousalue.fi\/multia\/wp-content\/uploads\/sites\/17\/2024\/05\/4FC41AED-2C34-442F-9EEB-66E5405E5ADD_1_201_a-1024x384.jpeg\" alt=\"\" class=\"wp-image-418\" srcset=\"https:\/\/keuruunkalatalousalue.fi\/multia\/wp-content\/uploads\/sites\/17\/2024\/05\/4FC41AED-2C34-442F-9EEB-66E5405E5ADD_1_201_a-1024x384.jpeg 1024w, https:\/\/keuruunkalatalousalue.fi\/multia\/wp-content\/uploads\/sites\/17\/2024\/05\/4FC41AED-2C34-442F-9EEB-66E5405E5ADD_1_201_a-300x112.jpeg 300w, https:\/\/keuruunkalatalousalue.fi\/multia\/wp-content\/uploads\/sites\/17\/2024\/05\/4FC41AED-2C34-442F-9EEB-66E5405E5ADD_1_201_a-768x288.jpeg 768w, https:\/\/keuruunkalatalousalue.fi\/multia\/wp-content\/uploads\/sites\/17\/2024\/05\/4FC41AED-2C34-442F-9EEB-66E5405E5ADD_1_201_a-1536x576.jpeg 1536w, https:\/\/keuruunkalatalousalue.fi\/multia\/wp-content\/uploads\/sites\/17\/2024\/05\/4FC41AED-2C34-442F-9EEB-66E5405E5ADD_1_201_a-2048x768.jpeg 2048w\" sizes=\"auto, (max-width: 1024px) 100vw, 1024px\" \/><figcaption class=\"wp-element-caption\">Sinerv\u00e4\u00e4n istutettiin 21.5.2024 vastakuoriutuneita muikkuja 90000 kpl. Muikunpoikaset kuljetimme happipakkauksissa mist\u00e4 yo. valokuva.<\/figcaption><\/figure>\n\n\n\n<figure class=\"wp-block-embed is-type-video is-provider-youtube wp-block-embed-youtube wp-embed-aspect-16-9 wp-has-aspect-ratio\"><div class=\"wp-block-embed__wrapper\">\n<iframe loading=\"lazy\" title=\"Multianja\u0308rveen 50000 vk siianpoikasta 30 4 2025\" width=\"640\" height=\"360\" src=\"https:\/\/www.youtube.com\/embed\/9g1hV_wnqJU?feature=oembed\" frameborder=\"0\" allow=\"accelerometer; autoplay; clipboard-write; encrypted-media; gyroscope; picture-in-picture; web-share\" referrerpolicy=\"strict-origin-when-cross-origin\" allowfullscreen><\/iframe>\n<\/div><\/figure>\n\n\n\n<h2 class=\"wp-block-heading\">MYLLYPURO<\/h2>\n\n\n\n<p><a href=\"https:\/\/www.ksml.fi\/paikalliset\/2411513\">https:\/\/www.ksml.fi\/paikalliset\/2411513<\/a><\/p>\n\n\n\n<p><\/p>\n\n\n\n\n\n<div class=\"wp-block-media-text is-stacked-on-mobile\"><figure class=\"wp-block-media-text__media\"><\/figure><div class=\"wp-block-media-text__content\">\n<p><\/p>\n<\/div><\/div>\n\n\n\n<p>Myllypuroon istutettiin 16.6.2023 taimenen poikasia<\/p>\n\n\n\n<figure class=\"wp-block-image size-large\"><img loading=\"lazy\" decoding=\"async\" width=\"1024\" height=\"768\" src=\"https:\/\/keuruunkalatalousalue.fi\/multia\/wp-content\/uploads\/sites\/17\/2023\/06\/Myllypuro-20230616_162140-1024x768.jpg\" alt=\"\" class=\"wp-image-293\" srcset=\"https:\/\/keuruunkalatalousalue.fi\/multia\/wp-content\/uploads\/sites\/17\/2023\/06\/Myllypuro-20230616_162140-1024x768.jpg 1024w, https:\/\/keuruunkalatalousalue.fi\/multia\/wp-content\/uploads\/sites\/17\/2023\/06\/Myllypuro-20230616_162140-300x225.jpg 300w, https:\/\/keuruunkalatalousalue.fi\/multia\/wp-content\/uploads\/sites\/17\/2023\/06\/Myllypuro-20230616_162140-768x576.jpg 768w, https:\/\/keuruunkalatalousalue.fi\/multia\/wp-content\/uploads\/sites\/17\/2023\/06\/Myllypuro-20230616_162140-1536x1152.jpg 1536w, https:\/\/keuruunkalatalousalue.fi\/multia\/wp-content\/uploads\/sites\/17\/2023\/06\/Myllypuro-20230616_162140-2048x1536.jpg 2048w\" sizes=\"auto, (max-width: 1024px) 100vw, 1024px\" \/><\/figure>\n\n\n\n<figure class=\"wp-block-image size-large\"><img loading=\"lazy\" decoding=\"async\" width=\"1024\" height=\"768\" src=\"https:\/\/keuruunkalatalousalue.fi\/multia\/wp-content\/uploads\/sites\/17\/2023\/06\/Taimenpoikasia-20230616_161702-1024x768.jpg\" alt=\"\" class=\"wp-image-299\" srcset=\"https:\/\/keuruunkalatalousalue.fi\/multia\/wp-content\/uploads\/sites\/17\/2023\/06\/Taimenpoikasia-20230616_161702-1024x768.jpg 1024w, https:\/\/keuruunkalatalousalue.fi\/multia\/wp-content\/uploads\/sites\/17\/2023\/06\/Taimenpoikasia-20230616_161702-300x225.jpg 300w, https:\/\/keuruunkalatalousalue.fi\/multia\/wp-content\/uploads\/sites\/17\/2023\/06\/Taimenpoikasia-20230616_161702-768x576.jpg 768w, https:\/\/keuruunkalatalousalue.fi\/multia\/wp-content\/uploads\/sites\/17\/2023\/06\/Taimenpoikasia-20230616_161702-1536x1152.jpg 1536w, https:\/\/keuruunkalatalousalue.fi\/multia\/wp-content\/uploads\/sites\/17\/2023\/06\/Taimenpoikasia-20230616_161702-2048x1536.jpg 2048w\" sizes=\"auto, (max-width: 1024px) 100vw, 1024px\" \/><\/figure>\n\n\n\n<p><\/p>\n\n\n\n<h2 class=\"wp-block-heading\">MULTIANJOKI<\/h2>\n\n\n\n<p>Seuraavassa videossa n\u00e4kyy Kurjenkosken jyrkk\u00e4 osuus. Osakaskunta p\u00e4\u00e4tti laadituttaa suunnitelman miss\u00e4 vesi virtaisi loivempaa uomaa pitkin alapuoliseen suvantoon, jotta taimenet kykenisiv\u00e4t nousemaan yl\u00f6s.<\/p>\n\n\n\n<figure class=\"wp-block-embed is-type-video is-provider-youtube wp-block-embed-youtube wp-embed-aspect-16-9 wp-has-aspect-ratio\"><div class=\"wp-block-embed__wrapper\">\n<iframe loading=\"lazy\" title=\"KURJENKOSKI jyrkka\u0308 osuus elo  marraskuu 2024\" width=\"640\" height=\"360\" src=\"https:\/\/www.youtube.com\/embed\/ODCQuQ5gxk4?feature=oembed\" frameborder=\"0\" allow=\"accelerometer; autoplay; clipboard-write; encrypted-media; gyroscope; picture-in-picture; web-share\" referrerpolicy=\"strict-origin-when-cross-origin\" allowfullscreen><\/iframe>\n<\/div><\/figure>\n\n\n\n<h2 class=\"wp-block-heading\">Riuttakoskeen rakennettiin taimenille kutusoraikkoja 6.8.2021<\/h2>\n\n\n\n<figure class=\"wp-block-image size-large\"><img loading=\"lazy\" decoding=\"async\" width=\"1024\" height=\"768\" src=\"https:\/\/keuruunkalatalousalue.fi\/multia\/wp-content\/uploads\/sites\/17\/2023\/06\/IMG_5220-1024x768.jpeg\" alt=\"\" class=\"wp-image-305\" srcset=\"https:\/\/keuruunkalatalousalue.fi\/multia\/wp-content\/uploads\/sites\/17\/2023\/06\/IMG_5220-1024x768.jpeg 1024w, https:\/\/keuruunkalatalousalue.fi\/multia\/wp-content\/uploads\/sites\/17\/2023\/06\/IMG_5220-300x225.jpeg 300w, https:\/\/keuruunkalatalousalue.fi\/multia\/wp-content\/uploads\/sites\/17\/2023\/06\/IMG_5220-768x576.jpeg 768w, https:\/\/keuruunkalatalousalue.fi\/multia\/wp-content\/uploads\/sites\/17\/2023\/06\/IMG_5220-1536x1152.jpeg 1536w, https:\/\/keuruunkalatalousalue.fi\/multia\/wp-content\/uploads\/sites\/17\/2023\/06\/IMG_5220-2048x1536.jpeg 2048w\" sizes=\"auto, (max-width: 1024px) 100vw, 1024px\" \/><\/figure>\n\n\n\n<figure class=\"wp-block-image size-large\"><img loading=\"lazy\" decoding=\"async\" width=\"1024\" height=\"768\" src=\"https:\/\/keuruunkalatalousalue.fi\/multia\/wp-content\/uploads\/sites\/17\/2023\/06\/IMG_5225-1024x768.jpeg\" alt=\"\" class=\"wp-image-303\" srcset=\"https:\/\/keuruunkalatalousalue.fi\/multia\/wp-content\/uploads\/sites\/17\/2023\/06\/IMG_5225-1024x768.jpeg 1024w, https:\/\/keuruunkalatalousalue.fi\/multia\/wp-content\/uploads\/sites\/17\/2023\/06\/IMG_5225-300x225.jpeg 300w, https:\/\/keuruunkalatalousalue.fi\/multia\/wp-content\/uploads\/sites\/17\/2023\/06\/IMG_5225-768x576.jpeg 768w, https:\/\/keuruunkalatalousalue.fi\/multia\/wp-content\/uploads\/sites\/17\/2023\/06\/IMG_5225-1536x1152.jpeg 1536w, https:\/\/keuruunkalatalousalue.fi\/multia\/wp-content\/uploads\/sites\/17\/2023\/06\/IMG_5225-2048x1536.jpeg 2048w\" sizes=\"auto, (max-width: 1024px) 100vw, 1024px\" \/><\/figure>\n\n\n\n<h2 class=\"wp-block-heading\">TERMITTY<\/h2>\n\n\n\n<figure class=\"wp-block-image size-large\"><img loading=\"lazy\" decoding=\"async\" width=\"1024\" height=\"768\" src=\"https:\/\/keuruunkalatalousalue.fi\/multia\/wp-content\/uploads\/sites\/17\/2023\/07\/20230615_termitty-1024x768.jpg\" alt=\"\" class=\"wp-image-349\" srcset=\"https:\/\/keuruunkalatalousalue.fi\/multia\/wp-content\/uploads\/sites\/17\/2023\/07\/20230615_termitty-1024x768.jpg 1024w, https:\/\/keuruunkalatalousalue.fi\/multia\/wp-content\/uploads\/sites\/17\/2023\/07\/20230615_termitty-300x225.jpg 300w, https:\/\/keuruunkalatalousalue.fi\/multia\/wp-content\/uploads\/sites\/17\/2023\/07\/20230615_termitty-768x576.jpg 768w, https:\/\/keuruunkalatalousalue.fi\/multia\/wp-content\/uploads\/sites\/17\/2023\/07\/20230615_termitty-1536x1152.jpg 1536w, https:\/\/keuruunkalatalousalue.fi\/multia\/wp-content\/uploads\/sites\/17\/2023\/07\/20230615_termitty-2048x1536.jpg 2048w\" sizes=\"auto, (max-width: 1024px) 100vw, 1024px\" \/><figcaption class=\"wp-element-caption\">Uistelua Termityll\u00e4<\/figcaption><\/figure>\n\n\n\n<h2 class=\"wp-block-heading\">SARAJOKI<\/h2>\n\n\n\n<figure class=\"wp-block-embed is-type-video is-provider-youtube wp-block-embed-youtube wp-embed-aspect-16-9 wp-has-aspect-ratio\"><div class=\"wp-block-embed__wrapper\">\n<iframe loading=\"lazy\" title=\"KUTUSORAIKKO SARAJOKI 17092024\" width=\"640\" height=\"360\" src=\"https:\/\/www.youtube.com\/embed\/ki-uN-mdKGk?feature=oembed\" frameborder=\"0\" allow=\"accelerometer; autoplay; clipboard-write; encrypted-media; gyroscope; picture-in-picture; web-share\" referrerpolicy=\"strict-origin-when-cross-origin\" allowfullscreen><\/iframe>\n<\/div><\/figure>\n\n\n\n<figure class=\"wp-block-embed is-type-video is-provider-youtube wp-block-embed-youtube wp-embed-aspect-16-9 wp-has-aspect-ratio\"><div class=\"wp-block-embed__wrapper\">\n<iframe loading=\"lazy\" title=\"KUTUSORAIKKO SARAJOKI 16092023\" width=\"640\" height=\"360\" src=\"https:\/\/www.youtube.com\/embed\/lO0qt-GCY8I?feature=oembed\" frameborder=\"0\" allow=\"accelerometer; autoplay; clipboard-write; encrypted-media; gyroscope; picture-in-picture; web-share\" referrerpolicy=\"strict-origin-when-cross-origin\" allowfullscreen><\/iframe>\n<\/div><\/figure>\n","protected":false},"excerpt":{"rendered":"<p>Valokuvia SINERV\u00c4 JA ISO- JA PIENI-MULTIANJ\u00c4RVI MYLLYPURO https:\/\/www.ksml.fi\/paikalliset\/2411513 Myllypuroon istutettiin 16.6.2023 taimenen poikasia MULTIANJOKI Seuraavassa videossa n\u00e4kyy Kurjenkosken jyrkk\u00e4 osuus. Osakaskunta p\u00e4\u00e4tti laadituttaa suunnitelman miss\u00e4 vesi virtaisi loivempaa uomaa pitkin alapuoliseen suvantoon, jotta taimenet kykenisiv\u00e4t nousemaan yl\u00f6s. Riuttakoskeen rakennettiin taimenille kutusoraikkoja 6.8.2021 TERMITTY SARAJOKI<\/p>\n","protected":false},"author":1,"featured_media":0,"parent":0,"menu_order":0,"comment_status":"closed","ping_status":"closed","template":"basic-sivu.php","meta":{"_acf_changed":false,"footnotes":""},"class_list":["post-78","page","type-page","status-publish","hentry"],"acf":[],"yoast_head":"<!-- This site is optimized with the Yoast SEO plugin v27.1.1 - https:\/\/yoast.com\/product\/yoast-seo-wordpress\/ -->\n<title>Kuvat ja Media - Multian osakaskunta<\/title>\n<meta name=\"robots\" content=\"index, follow, max-snippet:-1, max-image-preview:large, max-video-preview:-1\" \/>\n<link rel=\"canonical\" href=\"https:\/\/keuruunkalatalousalue.fi\/multia\/valokuvia\/\" \/>\n<meta property=\"og:locale\" content=\"fi_FI\" \/>\n<meta property=\"og:type\" content=\"article\" \/>\n<meta property=\"og:title\" content=\"Kuvat ja Media - Multian osakaskunta\" \/>\n<meta property=\"og:description\" content=\"Valokuvia SINERV\u00c4 JA ISO- JA PIENI-MULTIANJ\u00c4RVI MYLLYPURO https:\/\/www.ksml.fi\/paikalliset\/2411513 Myllypuroon istutettiin 16.6.2023 taimenen poikasia MULTIANJOKI Seuraavassa videossa n\u00e4kyy Kurjenkosken jyrkk\u00e4 osuus. Osakaskunta p\u00e4\u00e4tti laadituttaa suunnitelman miss\u00e4 vesi virtaisi loivempaa uomaa pitkin alapuoliseen suvantoon, jotta taimenet kykenisiv\u00e4t nousemaan yl\u00f6s. Riuttakoskeen rakennettiin taimenille kutusoraikkoja 6.8.2021 TERMITTY SARAJOKI\" \/>\n<meta property=\"og:url\" content=\"https:\/\/keuruunkalatalousalue.fi\/multia\/valokuvia\/\" \/>\n<meta property=\"og:site_name\" content=\"Multian osakaskunta\" \/>\n<meta property=\"article:modified_time\" content=\"2025-05-11T14:25:33+00:00\" \/>\n<meta property=\"og:image\" content=\"https:\/\/keuruunkalatalousalue.fi\/multia\/wp-content\/uploads\/sites\/17\/2023\/06\/Sinerva-26052017-scaled.jpeg\" \/>\n\t<meta property=\"og:image:width\" content=\"2560\" \/>\n\t<meta property=\"og:image:height\" content=\"1920\" \/>\n\t<meta property=\"og:image:type\" content=\"image\/jpeg\" \/>\n<meta name=\"twitter:card\" content=\"summary_large_image\" \/>\n<meta name=\"twitter:label1\" content=\"Arvioitu lukuaika\" \/>\n\t<meta name=\"twitter:data1\" content=\"3 minuuttia\" \/>\n<script type=\"application\/ld+json\" class=\"yoast-schema-graph\">{\"@context\":\"https:\/\/schema.org\",\"@graph\":[{\"@type\":\"WebPage\",\"@id\":\"https:\/\/keuruunkalatalousalue.fi\/multia\/valokuvia\/\",\"url\":\"https:\/\/keuruunkalatalousalue.fi\/multia\/valokuvia\/\",\"name\":\"Kuvat ja Media - Multian osakaskunta\",\"isPartOf\":{\"@id\":\"https:\/\/keuruunkalatalousalue.fi\/multia\/#website\"},\"primaryImageOfPage\":{\"@id\":\"https:\/\/keuruunkalatalousalue.fi\/multia\/valokuvia\/#primaryimage\"},\"image\":{\"@id\":\"https:\/\/keuruunkalatalousalue.fi\/multia\/valokuvia\/#primaryimage\"},\"thumbnailUrl\":\"https:\/\/keuruunkalatalousalue.fi\/multia\/wp-content\/uploads\/sites\/17\/2023\/06\/Sinerva-26052017-1024x768.jpeg\",\"datePublished\":\"2020-10-29T11:27:57+00:00\",\"dateModified\":\"2025-05-11T14:25:33+00:00\",\"breadcrumb\":{\"@id\":\"https:\/\/keuruunkalatalousalue.fi\/multia\/valokuvia\/#breadcrumb\"},\"inLanguage\":\"fi\",\"potentialAction\":[{\"@type\":\"ReadAction\",\"target\":[\"https:\/\/keuruunkalatalousalue.fi\/multia\/valokuvia\/\"]}]},{\"@type\":\"ImageObject\",\"inLanguage\":\"fi\",\"@id\":\"https:\/\/keuruunkalatalousalue.fi\/multia\/valokuvia\/#primaryimage\",\"url\":\"https:\/\/keuruunkalatalousalue.fi\/multia\/wp-content\/uploads\/sites\/17\/2023\/06\/Sinerva-26052017-1024x768.jpeg\",\"contentUrl\":\"https:\/\/keuruunkalatalousalue.fi\/multia\/wp-content\/uploads\/sites\/17\/2023\/06\/Sinerva-26052017-1024x768.jpeg\"},{\"@type\":\"BreadcrumbList\",\"@id\":\"https:\/\/keuruunkalatalousalue.fi\/multia\/valokuvia\/#breadcrumb\",\"itemListElement\":[{\"@type\":\"ListItem\",\"position\":1,\"name\":\"Etusivu\",\"item\":\"https:\/\/keuruunkalatalousalue.fi\/multia\/\"},{\"@type\":\"ListItem\",\"position\":2,\"name\":\"Kuvat ja Media\"}]},{\"@type\":\"WebSite\",\"@id\":\"https:\/\/keuruunkalatalousalue.fi\/multia\/#website\",\"url\":\"https:\/\/keuruunkalatalousalue.fi\/multia\/\",\"name\":\"Multian osakaskunta\",\"description\":\"\",\"potentialAction\":[{\"@type\":\"SearchAction\",\"target\":{\"@type\":\"EntryPoint\",\"urlTemplate\":\"https:\/\/keuruunkalatalousalue.fi\/multia\/?s={search_term_string}\"},\"query-input\":{\"@type\":\"PropertyValueSpecification\",\"valueRequired\":true,\"valueName\":\"search_term_string\"}}],\"inLanguage\":\"fi\"}]}<\/script>\n<!-- \/ Yoast SEO plugin. -->","yoast_head_json":{"title":"Kuvat ja Media - Multian osakaskunta","robots":{"index":"index","follow":"follow","max-snippet":"max-snippet:-1","max-image-preview":"max-image-preview:large","max-video-preview":"max-video-preview:-1"},"canonical":"https:\/\/keuruunkalatalousalue.fi\/multia\/valokuvia\/","og_locale":"fi_FI","og_type":"article","og_title":"Kuvat ja Media - Multian osakaskunta","og_description":"Valokuvia SINERV\u00c4 JA ISO- JA PIENI-MULTIANJ\u00c4RVI MYLLYPURO https:\/\/www.ksml.fi\/paikalliset\/2411513 Myllypuroon istutettiin 16.6.2023 taimenen poikasia MULTIANJOKI Seuraavassa videossa n\u00e4kyy Kurjenkosken jyrkk\u00e4 osuus. Osakaskunta p\u00e4\u00e4tti laadituttaa suunnitelman miss\u00e4 vesi virtaisi loivempaa uomaa pitkin alapuoliseen suvantoon, jotta taimenet kykenisiv\u00e4t nousemaan yl\u00f6s. Riuttakoskeen rakennettiin taimenille kutusoraikkoja 6.8.2021 TERMITTY SARAJOKI","og_url":"https:\/\/keuruunkalatalousalue.fi\/multia\/valokuvia\/","og_site_name":"Multian osakaskunta","article_modified_time":"2025-05-11T14:25:33+00:00","og_image":[{"width":2560,"height":1920,"url":"https:\/\/keuruunkalatalousalue.fi\/multia\/wp-content\/uploads\/sites\/17\/2023\/06\/Sinerva-26052017-scaled.jpeg","type":"image\/jpeg"}],"twitter_card":"summary_large_image","twitter_misc":{"Arvioitu lukuaika":"3 minuuttia"},"schema":{"@context":"https:\/\/schema.org","@graph":[{"@type":"WebPage","@id":"https:\/\/keuruunkalatalousalue.fi\/multia\/valokuvia\/","url":"https:\/\/keuruunkalatalousalue.fi\/multia\/valokuvia\/","name":"Kuvat ja Media - Multian osakaskunta","isPartOf":{"@id":"https:\/\/keuruunkalatalousalue.fi\/multia\/#website"},"primaryImageOfPage":{"@id":"https:\/\/keuruunkalatalousalue.fi\/multia\/valokuvia\/#primaryimage"},"image":{"@id":"https:\/\/keuruunkalatalousalue.fi\/multia\/valokuvia\/#primaryimage"},"thumbnailUrl":"https:\/\/keuruunkalatalousalue.fi\/multia\/wp-content\/uploads\/sites\/17\/2023\/06\/Sinerva-26052017-1024x768.jpeg","datePublished":"2020-10-29T11:27:57+00:00","dateModified":"2025-05-11T14:25:33+00:00","breadcrumb":{"@id":"https:\/\/keuruunkalatalousalue.fi\/multia\/valokuvia\/#breadcrumb"},"inLanguage":"fi","potentialAction":[{"@type":"ReadAction","target":["https:\/\/keuruunkalatalousalue.fi\/multia\/valokuvia\/"]}]},{"@type":"ImageObject","inLanguage":"fi","@id":"https:\/\/keuruunkalatalousalue.fi\/multia\/valokuvia\/#primaryimage","url":"https:\/\/keuruunkalatalousalue.fi\/multia\/wp-content\/uploads\/sites\/17\/2023\/06\/Sinerva-26052017-1024x768.jpeg","contentUrl":"https:\/\/keuruunkalatalousalue.fi\/multia\/wp-content\/uploads\/sites\/17\/2023\/06\/Sinerva-26052017-1024x768.jpeg"},{"@type":"BreadcrumbList","@id":"https:\/\/keuruunkalatalousalue.fi\/multia\/valokuvia\/#breadcrumb","itemListElement":[{"@type":"ListItem","position":1,"name":"Etusivu","item":"https:\/\/keuruunkalatalousalue.fi\/multia\/"},{"@type":"ListItem","position":2,"name":"Kuvat ja Media"}]},{"@type":"WebSite","@id":"https:\/\/keuruunkalatalousalue.fi\/multia\/#website","url":"https:\/\/keuruunkalatalousalue.fi\/multia\/","name":"Multian osakaskunta","description":"","potentialAction":[{"@type":"SearchAction","target":{"@type":"EntryPoint","urlTemplate":"https:\/\/keuruunkalatalousalue.fi\/multia\/?s={search_term_string}"},"query-input":{"@type":"PropertyValueSpecification","valueRequired":true,"valueName":"search_term_string"}}],"inLanguage":"fi"}]}},"_links":{"self":[{"href":"https:\/\/keuruunkalatalousalue.fi\/multia\/wp-json\/wp\/v2\/pages\/78","targetHints":{"allow":["GET"]}}],"collection":[{"href":"https:\/\/keuruunkalatalousalue.fi\/multia\/wp-json\/wp\/v2\/pages"}],"about":[{"href":"https:\/\/keuruunkalatalousalue.fi\/multia\/wp-json\/wp\/v2\/types\/page"}],"author":[{"embeddable":true,"href":"https:\/\/keuruunkalatalousalue.fi\/multia\/wp-json\/wp\/v2\/users\/1"}],"replies":[{"embeddable":true,"href":"https:\/\/keuruunkalatalousalue.fi\/multia\/wp-json\/wp\/v2\/comments?post=78"}],"version-history":[{"count":34,"href":"https:\/\/keuruunkalatalousalue.fi\/multia\/wp-json\/wp\/v2\/pages\/78\/revisions"}],"predecessor-version":[{"id":471,"href":"https:\/\/keuruunkalatalousalue.fi\/multia\/wp-json\/wp\/v2\/pages\/78\/revisions\/471"}],"wp:attachment":[{"href":"https:\/\/keuruunkalatalousalue.fi\/multia\/wp-json\/wp\/v2\/media?parent=78"}],"curies":[{"name":"wp","href":"https:\/\/api.w.org\/{rel}","templated":true}]}}