{"id":194,"date":"2020-10-29T08:31:59","date_gmt":"2020-10-29T08:31:59","guid":{"rendered":"http:\/\/89.166.51.80\/~saarijarven\/hameenmaen-osakaskunta\/?page_id=26"},"modified":"2025-05-11T17:32:54","modified_gmt":"2025-05-11T14:32:54","slug":"tiedot","status":"publish","type":"page","link":"https:\/\/keuruunkalatalousalue.fi\/multia\/tiedot\/","title":{"rendered":"Tiedot"},"content":{"rendered":"\n<h2 class=\"wp-block-heading\">Yhteystiedot<\/h2>\n\n\n\n<p>Jaakko Koppinen, hoitokunnan puheenjohtaja<\/p>\n\n\n\n<p>050 505 3305<\/p>\n\n\n\n<p>jaakko.koppinen1(at)gmail.com<\/p>\n\n\n\n<p>Olavi Pienim\u00e4ki, hoitokunnan varapuheenjohtaj<\/p>\n\n\n\n<p>Janne Salenius, hoitokunnan j\u00e4sen<\/p>\n\n\n\n<p>Hoitokunnan varaj\u00e4senet: Reijo Kinnunen, Miso Hein\u00e4aho, Kauko Kumpula<\/p>\n\n\n\n<h2 class=\"wp-block-heading\">Sijainti<\/h2>\n\n\n\n<figure class=\"wp-block-image size-large\"><img decoding=\"async\" src=\"https:\/\/keuruunkalatalousalue.fi\/multia\/wp-content\/uploads\/sites\/17\/2023\/02\/KarttaMultianokA3vaaka-1024x724.jpg\" alt=\"\" class=\"wp-image-248\" \/><\/figure>\n\n\n","protected":false},"excerpt":{"rendered":"<p>Yhteystiedot Jaakko Koppinen, hoitokunnan puheenjohtaja 050 505 3305 jaakko.koppinen1(at)gmail.com Olavi Pienim\u00e4ki, hoitokunnan varapuheenjohtaj Janne Salenius, hoitokunnan j\u00e4sen Hoitokunnan varaj\u00e4senet: Reijo Kinnunen, Miso Hein\u00e4aho, Kauko Kumpula Sijainti<\/p>\n","protected":false},"author":1,"featured_media":0,"parent":0,"menu_order":0,"comment_status":"closed","ping_status":"closed","template":"basic-sivu.php","meta":{"_acf_changed":false,"footnotes":""},"class_list":["post-194","page","type-page","status-publish","hentry"],"acf":[],"yoast_head":"<!-- This site is optimized with the Yoast SEO plugin v27.1.1 - https:\/\/yoast.com\/product\/yoast-seo-wordpress\/ -->\n<title>Tiedot - Multian osakaskunta<\/title>\n<meta name=\"robots\" content=\"index, follow, max-snippet:-1, max-image-preview:large, max-video-preview:-1\" \/>\n<link rel=\"canonical\" href=\"https:\/\/keuruunkalatalousalue.fi\/multia\/tiedot\/\" \/>\n<meta property=\"og:locale\" content=\"fi_FI\" \/>\n<meta property=\"og:type\" content=\"article\" \/>\n<meta property=\"og:title\" content=\"Tiedot - Multian osakaskunta\" \/>\n<meta property=\"og:description\" content=\"Yhteystiedot Jaakko Koppinen, hoitokunnan puheenjohtaja 050 505 3305 jaakko.koppinen1(at)gmail.com Olavi Pienim\u00e4ki, hoitokunnan varapuheenjohtaj Janne Salenius, hoitokunnan j\u00e4sen Hoitokunnan varaj\u00e4senet: Reijo Kinnunen, Miso Hein\u00e4aho, Kauko Kumpula Sijainti\" \/>\n<meta property=\"og:url\" content=\"https:\/\/keuruunkalatalousalue.fi\/multia\/tiedot\/\" \/>\n<meta property=\"og:site_name\" content=\"Multian osakaskunta\" \/>\n<meta property=\"article:modified_time\" content=\"2025-05-11T14:32:54+00:00\" \/>\n<meta name=\"twitter:card\" content=\"summary_large_image\" \/>\n<meta name=\"twitter:label1\" content=\"Arvioitu lukuaika\" \/>\n\t<meta name=\"twitter:data1\" content=\"1 minuutti\" \/>\n<script type=\"application\/ld+json\" class=\"yoast-schema-graph\">{\"@context\":\"https:\/\/schema.org\",\"@graph\":[{\"@type\":\"WebPage\",\"@id\":\"https:\/\/keuruunkalatalousalue.fi\/multia\/tiedot\/\",\"url\":\"https:\/\/keuruunkalatalousalue.fi\/multia\/tiedot\/\",\"name\":\"Tiedot - Multian osakaskunta\",\"isPartOf\":{\"@id\":\"https:\/\/keuruunkalatalousalue.fi\/multia\/#website\"},\"primaryImageOfPage\":{\"@id\":\"https:\/\/keuruunkalatalousalue.fi\/multia\/tiedot\/#primaryimage\"},\"image\":{\"@id\":\"https:\/\/keuruunkalatalousalue.fi\/multia\/tiedot\/#primaryimage\"},\"thumbnailUrl\":\"https:\/\/keuruunkalatalousalue.fi\/multia\/wp-content\/uploads\/sites\/17\/2023\/02\/KarttaMultianokA3vaaka-1024x724.jpg\",\"datePublished\":\"2020-10-29T08:31:59+00:00\",\"dateModified\":\"2025-05-11T14:32:54+00:00\",\"breadcrumb\":{\"@id\":\"https:\/\/keuruunkalatalousalue.fi\/multia\/tiedot\/#breadcrumb\"},\"inLanguage\":\"fi\",\"potentialAction\":[{\"@type\":\"ReadAction\",\"target\":[\"https:\/\/keuruunkalatalousalue.fi\/multia\/tiedot\/\"]}]},{\"@type\":\"ImageObject\",\"inLanguage\":\"fi\",\"@id\":\"https:\/\/keuruunkalatalousalue.fi\/multia\/tiedot\/#primaryimage\",\"url\":\"\",\"contentUrl\":\"\"},{\"@type\":\"BreadcrumbList\",\"@id\":\"https:\/\/keuruunkalatalousalue.fi\/multia\/tiedot\/#breadcrumb\",\"itemListElement\":[{\"@type\":\"ListItem\",\"position\":1,\"name\":\"Etusivu\",\"item\":\"https:\/\/keuruunkalatalousalue.fi\/multia\/\"},{\"@type\":\"ListItem\",\"position\":2,\"name\":\"Tiedot\"}]},{\"@type\":\"WebSite\",\"@id\":\"https:\/\/keuruunkalatalousalue.fi\/multia\/#website\",\"url\":\"https:\/\/keuruunkalatalousalue.fi\/multia\/\",\"name\":\"Multian osakaskunta\",\"description\":\"\",\"potentialAction\":[{\"@type\":\"SearchAction\",\"target\":{\"@type\":\"EntryPoint\",\"urlTemplate\":\"https:\/\/keuruunkalatalousalue.fi\/multia\/?s={search_term_string}\"},\"query-input\":{\"@type\":\"PropertyValueSpecification\",\"valueRequired\":true,\"valueName\":\"search_term_string\"}}],\"inLanguage\":\"fi\"}]}<\/script>\n<!-- \/ Yoast SEO plugin. -->","yoast_head_json":{"title":"Tiedot - Multian osakaskunta","robots":{"index":"index","follow":"follow","max-snippet":"max-snippet:-1","max-image-preview":"max-image-preview:large","max-video-preview":"max-video-preview:-1"},"canonical":"https:\/\/keuruunkalatalousalue.fi\/multia\/tiedot\/","og_locale":"fi_FI","og_type":"article","og_title":"Tiedot - Multian osakaskunta","og_description":"Yhteystiedot Jaakko Koppinen, hoitokunnan puheenjohtaja 050 505 3305 jaakko.koppinen1(at)gmail.com Olavi Pienim\u00e4ki, hoitokunnan varapuheenjohtaj Janne Salenius, hoitokunnan j\u00e4sen Hoitokunnan varaj\u00e4senet: Reijo Kinnunen, Miso Hein\u00e4aho, Kauko Kumpula Sijainti","og_url":"https:\/\/keuruunkalatalousalue.fi\/multia\/tiedot\/","og_site_name":"Multian osakaskunta","article_modified_time":"2025-05-11T14:32:54+00:00","twitter_card":"summary_large_image","twitter_misc":{"Arvioitu lukuaika":"1 minuutti"},"schema":{"@context":"https:\/\/schema.org","@graph":[{"@type":"WebPage","@id":"https:\/\/keuruunkalatalousalue.fi\/multia\/tiedot\/","url":"https:\/\/keuruunkalatalousalue.fi\/multia\/tiedot\/","name":"Tiedot - Multian osakaskunta","isPartOf":{"@id":"https:\/\/keuruunkalatalousalue.fi\/multia\/#website"},"primaryImageOfPage":{"@id":"https:\/\/keuruunkalatalousalue.fi\/multia\/tiedot\/#primaryimage"},"image":{"@id":"https:\/\/keuruunkalatalousalue.fi\/multia\/tiedot\/#primaryimage"},"thumbnailUrl":"https:\/\/keuruunkalatalousalue.fi\/multia\/wp-content\/uploads\/sites\/17\/2023\/02\/KarttaMultianokA3vaaka-1024x724.jpg","datePublished":"2020-10-29T08:31:59+00:00","dateModified":"2025-05-11T14:32:54+00:00","breadcrumb":{"@id":"https:\/\/keuruunkalatalousalue.fi\/multia\/tiedot\/#breadcrumb"},"inLanguage":"fi","potentialAction":[{"@type":"ReadAction","target":["https:\/\/keuruunkalatalousalue.fi\/multia\/tiedot\/"]}]},{"@type":"ImageObject","inLanguage":"fi","@id":"https:\/\/keuruunkalatalousalue.fi\/multia\/tiedot\/#primaryimage","url":"","contentUrl":""},{"@type":"BreadcrumbList","@id":"https:\/\/keuruunkalatalousalue.fi\/multia\/tiedot\/#breadcrumb","itemListElement":[{"@type":"ListItem","position":1,"name":"Etusivu","item":"https:\/\/keuruunkalatalousalue.fi\/multia\/"},{"@type":"ListItem","position":2,"name":"Tiedot"}]},{"@type":"WebSite","@id":"https:\/\/keuruunkalatalousalue.fi\/multia\/#website","url":"https:\/\/keuruunkalatalousalue.fi\/multia\/","name":"Multian osakaskunta","description":"","potentialAction":[{"@type":"SearchAction","target":{"@type":"EntryPoint","urlTemplate":"https:\/\/keuruunkalatalousalue.fi\/multia\/?s={search_term_string}"},"query-input":{"@type":"PropertyValueSpecification","valueRequired":true,"valueName":"search_term_string"}}],"inLanguage":"fi"}]}},"_links":{"self":[{"href":"https:\/\/keuruunkalatalousalue.fi\/multia\/wp-json\/wp\/v2\/pages\/194","targetHints":{"allow":["GET"]}}],"collection":[{"href":"https:\/\/keuruunkalatalousalue.fi\/multia\/wp-json\/wp\/v2\/pages"}],"about":[{"href":"https:\/\/keuruunkalatalousalue.fi\/multia\/wp-json\/wp\/v2\/types\/page"}],"author":[{"embeddable":true,"href":"https:\/\/keuruunkalatalousalue.fi\/multia\/wp-json\/wp\/v2\/users\/1"}],"replies":[{"embeddable":true,"href":"https:\/\/keuruunkalatalousalue.fi\/multia\/wp-json\/wp\/v2\/comments?post=194"}],"version-history":[{"count":6,"href":"https:\/\/keuruunkalatalousalue.fi\/multia\/wp-json\/wp\/v2\/pages\/194\/revisions"}],"predecessor-version":[{"id":472,"href":"https:\/\/keuruunkalatalousalue.fi\/multia\/wp-json\/wp\/v2\/pages\/194\/revisions\/472"}],"wp:attachment":[{"href":"https:\/\/keuruunkalatalousalue.fi\/multia\/wp-json\/wp\/v2\/media?parent=194"}],"curies":[{"name":"wp","href":"https:\/\/api.w.org\/{rel}","templated":true}]}}