{"id":193,"date":"2020-10-22T07:32:51","date_gmt":"2020-10-22T07:32:51","guid":{"rendered":"http:\/\/89.166.51.80\/~saarijarven\/hameenmaen-osakaskunta\/?page_id=2"},"modified":"2025-05-09T17:40:07","modified_gmt":"2025-05-09T14:40:07","slug":"etusivu","status":"publish","type":"page","link":"https:\/\/keuruunkalatalousalue.fi\/multia\/","title":{"rendered":"Etusivu"},"content":{"rendered":"\n<h2 class=\"wp-block-heading\">Tervetuloa Multian osakaskuntaan<\/h2>\n\n\n\n<p><\/p>\n\n\n\n<figure class=\"wp-block-image size-large\"><img loading=\"lazy\" decoding=\"async\" width=\"1024\" height=\"768\" src=\"https:\/\/keuruunkalatalousalue.fi\/multia\/wp-content\/uploads\/sites\/17\/2023\/06\/Sinerva-26052017-1024x768.jpeg\" alt=\"\" class=\"wp-image-270\" srcset=\"https:\/\/keuruunkalatalousalue.fi\/multia\/wp-content\/uploads\/sites\/17\/2023\/06\/Sinerva-26052017-1024x768.jpeg 1024w, https:\/\/keuruunkalatalousalue.fi\/multia\/wp-content\/uploads\/sites\/17\/2023\/06\/Sinerva-26052017-300x225.jpeg 300w, https:\/\/keuruunkalatalousalue.fi\/multia\/wp-content\/uploads\/sites\/17\/2023\/06\/Sinerva-26052017-768x576.jpeg 768w, https:\/\/keuruunkalatalousalue.fi\/multia\/wp-content\/uploads\/sites\/17\/2023\/06\/Sinerva-26052017-1536x1152.jpeg 1536w, https:\/\/keuruunkalatalousalue.fi\/multia\/wp-content\/uploads\/sites\/17\/2023\/06\/Sinerva-26052017-2048x1536.jpeg 2048w\" sizes=\"auto, (max-width: 1024px) 100vw, 1024px\" \/><\/figure>\n\n\n\n<h2 class=\"wp-block-heading\">Osakaskunnan alue<\/h2>\n\n\n\n<figure class=\"wp-block-image size-large is-resized\"><img loading=\"lazy\" decoding=\"async\" width=\"1024\" height=\"724\" src=\"https:\/\/keuruunkalatalousalue.fi\/multia\/wp-content\/uploads\/sites\/17\/2023\/06\/multian-ok40k3-1024x724.png\" alt=\"\" class=\"wp-image-269\" style=\"width:840px;height:593px\" srcset=\"https:\/\/keuruunkalatalousalue.fi\/multia\/wp-content\/uploads\/sites\/17\/2023\/06\/multian-ok40k3-1024x724.png 1024w, https:\/\/keuruunkalatalousalue.fi\/multia\/wp-content\/uploads\/sites\/17\/2023\/06\/multian-ok40k3-300x212.png 300w, https:\/\/keuruunkalatalousalue.fi\/multia\/wp-content\/uploads\/sites\/17\/2023\/06\/multian-ok40k3-768x543.png 768w, https:\/\/keuruunkalatalousalue.fi\/multia\/wp-content\/uploads\/sites\/17\/2023\/06\/multian-ok40k3-1536x1086.png 1536w, https:\/\/keuruunkalatalousalue.fi\/multia\/wp-content\/uploads\/sites\/17\/2023\/06\/multian-ok40k3-2048x1448.png 2048w\" sizes=\"auto, (max-width: 1024px) 100vw, 1024px\" \/><\/figure>\n\n\n\n<p>Multian kalastuskunta ja Isoj\u00e4rven osakaskunta yhdistyiv\u00e4t 11.5.2022. Osakaskunnan vesipinta-ala on n 1345 ha, suurimmat j\u00e4rvet Sinerv\u00e4, Termitty, Iso Multianj\u00e4rvi, Pieni Multianj\u00e4rvi, Liesj\u00e4rvi, Isoj\u00e4rvi, Uitamonj\u00e4rvi. Osakaskunnan alueella on virtavesin\u00e4 mm Multianjoki (Kurjenkoski, Riuttakoski), Myllypuro, Sarajoki, Saikanjoki ja Pengerjoki. Multian osakaskunnan j\u00e4rjest\u00e4ytymiskokous pidettiin 14.2.2023.<\/p>\n\n\n\n<p><strong>Multian osakaskunnan ylim\u00e4\u00e4r\u00e4inen kokous 3.7.2023 p\u00e4\u00e4tti yksimielisesti rauhoittaa kalastukselta Multian osakaskunnan alueella Multianjoen (mm. Kurjenkoski, Riuttakoski), Myllypuron (Termityst\u00e4 laskeva puro Sinerv\u00e4\u00e4n), Sarajoen ja Saikanjoen. Perusteena taimenen elinolosuhteiden parantaminen.<\/strong><\/p>\n\n\n\n<p>Multian osakaskunnan ylim\u00e4\u00e4r\u00e4inen kokous 13.3.2024 p\u00e4\u00e4tti yksimielisesti rauhoittaa verkkokalastukselta Multian joen niskasta 0,5 km Pieni Multianj\u00e4rvelle p\u00e4in. Perusteena taimenen elinolosuhteiden parantaminen.<\/p>\n\n\n\n<div data-wp-interactive=\"core\/file\" class=\"wp-block-file\"><object data-wp-bind--hidden=\"!state.hasPdfPreview\" hidden class=\"wp-block-file__embed\" data=\"https:\/\/keuruunkalatalousalue.fi\/multia\/wp-content\/uploads\/sites\/17\/2024\/03\/Verkkokalastus-kieltoalue-PIENI-MULTIANJARVELLA.pdf\" type=\"application\/pdf\" style=\"width:100%;height:600px\" aria-label=\"Tiedoston Verkkokalastus kieltoalue PIENI\u00a0MULTIANJ\u00c4RVELL\u00c4 upotus.\"><\/object><a id=\"wp-block-file--media-54c94a60-c500-4e15-93cf-587dcd63930b\" href=\"https:\/\/keuruunkalatalousalue.fi\/multia\/wp-content\/uploads\/sites\/17\/2024\/03\/Verkkokalastus-kieltoalue-PIENI-MULTIANJARVELLA.pdf\">Verkkokalastus kieltoalue PIENI&nbsp;MULTIANJ\u00c4RVELL\u00c4<\/a><a href=\"https:\/\/keuruunkalatalousalue.fi\/multia\/wp-content\/uploads\/sites\/17\/2024\/03\/Verkkokalastus-kieltoalue-PIENI-MULTIANJARVELLA.pdf\" class=\"wp-block-file__button wp-element-button\" download aria-describedby=\"wp-block-file--media-54c94a60-c500-4e15-93cf-587dcd63930b\">Lataa<\/a><\/div>\n\n\n\n<p><strong>HUOM!!            www. kalapaikka.net sivustolla on virheellist\u00e4 tietoa Multian kalastuksesta<\/strong><\/p>\n\n\n\n<div class=\"wp-block-media-text alignwide is-stacked-on-mobile\"><figure class=\"wp-block-media-text__media\"><img loading=\"lazy\" decoding=\"async\" width=\"768\" height=\"1024\" src=\"https:\/\/keuruunkalatalousalue.fi\/multia\/wp-content\/uploads\/sites\/17\/2023\/07\/kalastuskielletty-merkki-768x1024.jpeg\" alt=\"\" class=\"wp-image-336 size-full\" srcset=\"https:\/\/keuruunkalatalousalue.fi\/multia\/wp-content\/uploads\/sites\/17\/2023\/07\/kalastuskielletty-merkki-768x1024.jpeg 768w, https:\/\/keuruunkalatalousalue.fi\/multia\/wp-content\/uploads\/sites\/17\/2023\/07\/kalastuskielletty-merkki-225x300.jpeg 225w, https:\/\/keuruunkalatalousalue.fi\/multia\/wp-content\/uploads\/sites\/17\/2023\/07\/kalastuskielletty-merkki-1152x1536.jpeg 1152w, https:\/\/keuruunkalatalousalue.fi\/multia\/wp-content\/uploads\/sites\/17\/2023\/07\/kalastuskielletty-merkki-rotated.jpeg 1500w\" sizes=\"auto, (max-width: 768px) 100vw, 768px\" \/><\/figure><div class=\"wp-block-media-text__content\">\n<p><\/p>\n\n\n\n<figure class=\"wp-block-image size-full\"><img loading=\"lazy\" decoding=\"async\" width=\"725\" height=\"640\" src=\"https:\/\/keuruunkalatalousalue.fi\/multia\/wp-content\/uploads\/sites\/17\/2023\/07\/IMG_6509.jpeg\" alt=\"\" class=\"wp-image-344\" srcset=\"https:\/\/keuruunkalatalousalue.fi\/multia\/wp-content\/uploads\/sites\/17\/2023\/07\/IMG_6509.jpeg 725w, https:\/\/keuruunkalatalousalue.fi\/multia\/wp-content\/uploads\/sites\/17\/2023\/07\/IMG_6509-300x265.jpeg 300w\" sizes=\"auto, (max-width: 725px) 100vw, 725px\" \/><figcaption class=\"wp-element-caption\">Rauhoitettu rasvaev\u00e4llinen taimen, otto maksaa 2440 euroa<\/figcaption><\/figure>\n<\/div><\/div>\n\n\n\n<div class=\"wp-block-file\"><a id=\"wp-block-file--media-80975f53-c046-4ae4-a145-621edc3e6e00\" href=\"https:\/\/keuruunkalatalousalue.fi\/multia\/wp-content\/uploads\/sites\/17\/2025\/05\/MULTIAN-OSAKASKUNTA-KALASTUSOHJE-v-2025-ALKAEN.pdf\">MULTIAN OSAKASKUNTA KALASTUSOHJE v 2025 ALKAEN<\/a><a href=\"https:\/\/keuruunkalatalousalue.fi\/multia\/wp-content\/uploads\/sites\/17\/2025\/05\/MULTIAN-OSAKASKUNTA-KALASTUSOHJE-v-2025-ALKAEN.pdf\" class=\"wp-block-file__button wp-element-button\" download aria-describedby=\"wp-block-file--media-80975f53-c046-4ae4-a145-621edc3e6e00\">Lataa<\/a><\/div>\n","protected":false},"excerpt":{"rendered":"<p>Tervetuloa Multian osakaskuntaan Osakaskunnan alue Multian kalastuskunta ja Isoj\u00e4rven osakaskunta yhdistyiv\u00e4t 11.5.2022. Osakaskunnan vesipinta-ala on n 1345 ha, suurimmat j\u00e4rvet Sinerv\u00e4, Termitty, Iso Multianj\u00e4rvi, Pieni Multianj\u00e4rvi, Liesj\u00e4rvi, Isoj\u00e4rvi, Uitamonj\u00e4rvi. Osakaskunnan alueella on virtavesin\u00e4 mm Multianjoki (Kurjenkoski, Riuttakoski), Myllypuro, Sarajoki, Saikanjoki ja Pengerjoki. Multian osakaskunnan j\u00e4rjest\u00e4ytymiskokous pidettiin 14.2.2023. Multian osakaskunnan ylim\u00e4\u00e4r\u00e4inen kokous 3.7.2023 p\u00e4\u00e4tti yksimielisesti rauhoittaa<\/p>\n<p><a class=\"moretag\" href=\"https:\/\/keuruunkalatalousalue.fi\/multia\/\"> Lue lis\u00e4\u00e4 ><\/a><\/p>\n","protected":false},"author":1,"featured_media":0,"parent":0,"menu_order":0,"comment_status":"closed","ping_status":"open","template":"","meta":{"_acf_changed":false,"footnotes":""},"class_list":["post-193","page","type-page","status-publish","hentry"],"acf":[],"yoast_head":"<!-- This site is optimized with the Yoast SEO plugin v27.1.1 - https:\/\/yoast.com\/product\/yoast-seo-wordpress\/ -->\n<title>Etusivu - Multian osakaskunta<\/title>\n<meta name=\"robots\" content=\"index, follow, max-snippet:-1, max-image-preview:large, max-video-preview:-1\" \/>\n<link rel=\"canonical\" href=\"https:\/\/keuruunkalatalousalue.fi\/multia\/\" \/>\n<meta property=\"og:locale\" content=\"fi_FI\" \/>\n<meta property=\"og:type\" content=\"article\" \/>\n<meta property=\"og:title\" content=\"Etusivu - Multian osakaskunta\" \/>\n<meta property=\"og:description\" content=\"Tervetuloa Multian osakaskuntaan Osakaskunnan alue Multian kalastuskunta ja Isoj\u00e4rven osakaskunta yhdistyiv\u00e4t 11.5.2022. Osakaskunnan vesipinta-ala on n 1345 ha, suurimmat j\u00e4rvet Sinerv\u00e4, Termitty, Iso Multianj\u00e4rvi, Pieni Multianj\u00e4rvi, Liesj\u00e4rvi, Isoj\u00e4rvi, Uitamonj\u00e4rvi. Osakaskunnan alueella on virtavesin\u00e4 mm Multianjoki (Kurjenkoski, Riuttakoski), Myllypuro, Sarajoki, Saikanjoki ja Pengerjoki. Multian osakaskunnan j\u00e4rjest\u00e4ytymiskokous pidettiin 14.2.2023. Multian osakaskunnan ylim\u00e4\u00e4r\u00e4inen kokous 3.7.2023 p\u00e4\u00e4tti yksimielisesti rauhoittaa Lue lis\u00e4\u00e4 &gt;\" \/>\n<meta property=\"og:url\" content=\"https:\/\/keuruunkalatalousalue.fi\/multia\/\" \/>\n<meta property=\"og:site_name\" content=\"Multian osakaskunta\" \/>\n<meta property=\"article:modified_time\" content=\"2025-05-09T14:40:07+00:00\" \/>\n<meta property=\"og:image\" content=\"https:\/\/keuruunkalatalousalue.fi\/multia\/wp-content\/uploads\/sites\/17\/2023\/06\/Sinerva-26052017-scaled.jpeg\" \/>\n\t<meta property=\"og:image:width\" content=\"2560\" \/>\n\t<meta property=\"og:image:height\" content=\"1920\" \/>\n\t<meta property=\"og:image:type\" content=\"image\/jpeg\" \/>\n<meta name=\"twitter:card\" content=\"summary_large_image\" \/>\n<meta name=\"twitter:label1\" content=\"Arvioitu lukuaika\" \/>\n\t<meta name=\"twitter:data1\" content=\"2 minuuttia\" \/>\n<script type=\"application\/ld+json\" class=\"yoast-schema-graph\">{\"@context\":\"https:\/\/schema.org\",\"@graph\":[{\"@type\":\"WebPage\",\"@id\":\"https:\/\/keuruunkalatalousalue.fi\/multia\/\",\"url\":\"https:\/\/keuruunkalatalousalue.fi\/multia\/\",\"name\":\"Etusivu - Multian osakaskunta\",\"isPartOf\":{\"@id\":\"https:\/\/keuruunkalatalousalue.fi\/multia\/#website\"},\"primaryImageOfPage\":{\"@id\":\"https:\/\/keuruunkalatalousalue.fi\/multia\/#primaryimage\"},\"image\":{\"@id\":\"https:\/\/keuruunkalatalousalue.fi\/multia\/#primaryimage\"},\"thumbnailUrl\":\"https:\/\/keuruunkalatalousalue.fi\/multia\/wp-content\/uploads\/sites\/17\/2023\/06\/Sinerva-26052017-1024x768.jpeg\",\"datePublished\":\"2020-10-22T07:32:51+00:00\",\"dateModified\":\"2025-05-09T14:40:07+00:00\",\"breadcrumb\":{\"@id\":\"https:\/\/keuruunkalatalousalue.fi\/multia\/#breadcrumb\"},\"inLanguage\":\"fi\",\"potentialAction\":[{\"@type\":\"ReadAction\",\"target\":[\"https:\/\/keuruunkalatalousalue.fi\/multia\/\"]}]},{\"@type\":\"ImageObject\",\"inLanguage\":\"fi\",\"@id\":\"https:\/\/keuruunkalatalousalue.fi\/multia\/#primaryimage\",\"url\":\"https:\/\/keuruunkalatalousalue.fi\/multia\/wp-content\/uploads\/sites\/17\/2023\/06\/Sinerva-26052017-1024x768.jpeg\",\"contentUrl\":\"https:\/\/keuruunkalatalousalue.fi\/multia\/wp-content\/uploads\/sites\/17\/2023\/06\/Sinerva-26052017-1024x768.jpeg\"},{\"@type\":\"BreadcrumbList\",\"@id\":\"https:\/\/keuruunkalatalousalue.fi\/multia\/#breadcrumb\",\"itemListElement\":[{\"@type\":\"ListItem\",\"position\":1,\"name\":\"Etusivu\",\"item\":\"https:\/\/keuruunkalatalousalue.fi\/multia\/\"},{\"@type\":\"ListItem\",\"position\":2,\"name\":\"Etusivu\"}]},{\"@type\":\"WebSite\",\"@id\":\"https:\/\/keuruunkalatalousalue.fi\/multia\/#website\",\"url\":\"https:\/\/keuruunkalatalousalue.fi\/multia\/\",\"name\":\"Multian osakaskunta\",\"description\":\"\",\"potentialAction\":[{\"@type\":\"SearchAction\",\"target\":{\"@type\":\"EntryPoint\",\"urlTemplate\":\"https:\/\/keuruunkalatalousalue.fi\/multia\/?s={search_term_string}\"},\"query-input\":{\"@type\":\"PropertyValueSpecification\",\"valueRequired\":true,\"valueName\":\"search_term_string\"}}],\"inLanguage\":\"fi\"}]}<\/script>\n<!-- \/ Yoast SEO plugin. -->","yoast_head_json":{"title":"Etusivu - Multian osakaskunta","robots":{"index":"index","follow":"follow","max-snippet":"max-snippet:-1","max-image-preview":"max-image-preview:large","max-video-preview":"max-video-preview:-1"},"canonical":"https:\/\/keuruunkalatalousalue.fi\/multia\/","og_locale":"fi_FI","og_type":"article","og_title":"Etusivu - Multian osakaskunta","og_description":"Tervetuloa Multian osakaskuntaan Osakaskunnan alue Multian kalastuskunta ja Isoj\u00e4rven osakaskunta yhdistyiv\u00e4t 11.5.2022. Osakaskunnan vesipinta-ala on n 1345 ha, suurimmat j\u00e4rvet Sinerv\u00e4, Termitty, Iso Multianj\u00e4rvi, Pieni Multianj\u00e4rvi, Liesj\u00e4rvi, Isoj\u00e4rvi, Uitamonj\u00e4rvi. Osakaskunnan alueella on virtavesin\u00e4 mm Multianjoki (Kurjenkoski, Riuttakoski), Myllypuro, Sarajoki, Saikanjoki ja Pengerjoki. Multian osakaskunnan j\u00e4rjest\u00e4ytymiskokous pidettiin 14.2.2023. Multian osakaskunnan ylim\u00e4\u00e4r\u00e4inen kokous 3.7.2023 p\u00e4\u00e4tti yksimielisesti rauhoittaa Lue lis\u00e4\u00e4 >","og_url":"https:\/\/keuruunkalatalousalue.fi\/multia\/","og_site_name":"Multian osakaskunta","article_modified_time":"2025-05-09T14:40:07+00:00","og_image":[{"width":2560,"height":1920,"url":"https:\/\/keuruunkalatalousalue.fi\/multia\/wp-content\/uploads\/sites\/17\/2023\/06\/Sinerva-26052017-scaled.jpeg","type":"image\/jpeg"}],"twitter_card":"summary_large_image","twitter_misc":{"Arvioitu lukuaika":"2 minuuttia"},"schema":{"@context":"https:\/\/schema.org","@graph":[{"@type":"WebPage","@id":"https:\/\/keuruunkalatalousalue.fi\/multia\/","url":"https:\/\/keuruunkalatalousalue.fi\/multia\/","name":"Etusivu - Multian osakaskunta","isPartOf":{"@id":"https:\/\/keuruunkalatalousalue.fi\/multia\/#website"},"primaryImageOfPage":{"@id":"https:\/\/keuruunkalatalousalue.fi\/multia\/#primaryimage"},"image":{"@id":"https:\/\/keuruunkalatalousalue.fi\/multia\/#primaryimage"},"thumbnailUrl":"https:\/\/keuruunkalatalousalue.fi\/multia\/wp-content\/uploads\/sites\/17\/2023\/06\/Sinerva-26052017-1024x768.jpeg","datePublished":"2020-10-22T07:32:51+00:00","dateModified":"2025-05-09T14:40:07+00:00","breadcrumb":{"@id":"https:\/\/keuruunkalatalousalue.fi\/multia\/#breadcrumb"},"inLanguage":"fi","potentialAction":[{"@type":"ReadAction","target":["https:\/\/keuruunkalatalousalue.fi\/multia\/"]}]},{"@type":"ImageObject","inLanguage":"fi","@id":"https:\/\/keuruunkalatalousalue.fi\/multia\/#primaryimage","url":"https:\/\/keuruunkalatalousalue.fi\/multia\/wp-content\/uploads\/sites\/17\/2023\/06\/Sinerva-26052017-1024x768.jpeg","contentUrl":"https:\/\/keuruunkalatalousalue.fi\/multia\/wp-content\/uploads\/sites\/17\/2023\/06\/Sinerva-26052017-1024x768.jpeg"},{"@type":"BreadcrumbList","@id":"https:\/\/keuruunkalatalousalue.fi\/multia\/#breadcrumb","itemListElement":[{"@type":"ListItem","position":1,"name":"Etusivu","item":"https:\/\/keuruunkalatalousalue.fi\/multia\/"},{"@type":"ListItem","position":2,"name":"Etusivu"}]},{"@type":"WebSite","@id":"https:\/\/keuruunkalatalousalue.fi\/multia\/#website","url":"https:\/\/keuruunkalatalousalue.fi\/multia\/","name":"Multian osakaskunta","description":"","potentialAction":[{"@type":"SearchAction","target":{"@type":"EntryPoint","urlTemplate":"https:\/\/keuruunkalatalousalue.fi\/multia\/?s={search_term_string}"},"query-input":{"@type":"PropertyValueSpecification","valueRequired":true,"valueName":"search_term_string"}}],"inLanguage":"fi"}]}},"_links":{"self":[{"href":"https:\/\/keuruunkalatalousalue.fi\/multia\/wp-json\/wp\/v2\/pages\/193","targetHints":{"allow":["GET"]}}],"collection":[{"href":"https:\/\/keuruunkalatalousalue.fi\/multia\/wp-json\/wp\/v2\/pages"}],"about":[{"href":"https:\/\/keuruunkalatalousalue.fi\/multia\/wp-json\/wp\/v2\/types\/page"}],"author":[{"embeddable":true,"href":"https:\/\/keuruunkalatalousalue.fi\/multia\/wp-json\/wp\/v2\/users\/1"}],"replies":[{"embeddable":true,"href":"https:\/\/keuruunkalatalousalue.fi\/multia\/wp-json\/wp\/v2\/comments?post=193"}],"version-history":[{"count":29,"href":"https:\/\/keuruunkalatalousalue.fi\/multia\/wp-json\/wp\/v2\/pages\/193\/revisions"}],"predecessor-version":[{"id":432,"href":"https:\/\/keuruunkalatalousalue.fi\/multia\/wp-json\/wp\/v2\/pages\/193\/revisions\/432"}],"wp:attachment":[{"href":"https:\/\/keuruunkalatalousalue.fi\/multia\/wp-json\/wp\/v2\/media?parent=193"}],"curies":[{"name":"wp","href":"https:\/\/api.w.org\/{rel}","templated":true}]}}