{"id":158,"date":"2020-10-29T12:25:46","date_gmt":"2020-10-29T12:25:46","guid":{"rendered":"http:\/\/89.166.51.80\/~saarijarven\/hameenmaen-osakaskunta\/?page_id=158"},"modified":"2025-05-11T12:06:17","modified_gmt":"2025-05-11T09:06:17","slug":"vuosikokous","status":"publish","type":"page","link":"https:\/\/keuruunkalatalousalue.fi\/multia\/hallinto\/vuosikokous\/","title":{"rendered":"Vuosikokous"},"content":{"rendered":"\n<p><a href=\"https:\/\/keuruunkalatalousalue.fi\/multia\/wp-content\/uploads\/sites\/17\/2023\/06\/Multian-osakaskunta-jarjestaytymiskokous-14.2.2023.pdf\" target=\"_blank\" rel=\"noreferrer noopener\">J\u00e4rjest\u00e4ytymiskokouksen p\u00f6yt\u00e4kirja<\/a><\/p>\n\n\n\n<div class=\"wp-block-file\"><a id=\"wp-block-file--media-cbb927d8-bbaf-4dea-a109-c231e28508ec\" href=\"https:\/\/keuruunkalatalousalue.fi\/multia\/wp-content\/uploads\/sites\/17\/2024\/04\/Multian-osakaskunta-ylimaarainen-kokous-3.7.2023.pdf\">Multian osakaskunta ylim\u00e4\u00e4r\u00e4inen kokous 3.7.2023<\/a><a href=\"https:\/\/keuruunkalatalousalue.fi\/multia\/wp-content\/uploads\/sites\/17\/2024\/04\/Multian-osakaskunta-ylimaarainen-kokous-3.7.2023.pdf\" class=\"wp-block-file__button wp-element-button\" download aria-describedby=\"wp-block-file--media-cbb927d8-bbaf-4dea-a109-c231e28508ec\">Lataa<\/a><\/div>\n\n\n\n<div class=\"wp-block-file\"><a id=\"wp-block-file--media-bf31185b-73ea-4d20-ae04-b45aabdbd97c\" href=\"https:\/\/keuruunkalatalousalue.fi\/multia\/wp-content\/uploads\/sites\/17\/2024\/03\/Multian-osakaskunta-ylimaarainen-kokous-13.3.2024.pdf\">Multian osakaskunta ylim\u00e4\u00e4r\u00e4inen kokous 13.3.2024<\/a><a href=\"https:\/\/keuruunkalatalousalue.fi\/multia\/wp-content\/uploads\/sites\/17\/2024\/03\/Multian-osakaskunta-ylimaarainen-kokous-13.3.2024.pdf\" class=\"wp-block-file__button wp-element-button\" download aria-describedby=\"wp-block-file--media-bf31185b-73ea-4d20-ae04-b45aabdbd97c\">Lataa<\/a><\/div>\n\n\n\n<div class=\"wp-block-file\"><a id=\"wp-block-file--media-886cded6-5de7-44f5-a9d1-dec458c85af8\" href=\"https:\/\/keuruunkalatalousalue.fi\/multia\/wp-content\/uploads\/sites\/17\/2025\/05\/MULTIAN-OSAKASKUNTA-Poytakirja-varsinainen-kokous-26032025-.pdf\">MULTIAN OSAKASKUNTA, P\u00f6yt\u00e4kirja varsinainen kokous 26032025<\/a><a href=\"https:\/\/keuruunkalatalousalue.fi\/multia\/wp-content\/uploads\/sites\/17\/2025\/05\/MULTIAN-OSAKASKUNTA-Poytakirja-varsinainen-kokous-26032025-.pdf\" class=\"wp-block-file__button wp-element-button\" download aria-describedby=\"wp-block-file--media-886cded6-5de7-44f5-a9d1-dec458c85af8\">Lataa<\/a><\/div>\n\n\n\n\n\n\n","protected":false},"excerpt":{"rendered":"<p>J\u00e4rjest\u00e4ytymiskokouksen p\u00f6yt\u00e4kirja<\/p>\n","protected":false},"author":1,"featured_media":0,"parent":187,"menu_order":0,"comment_status":"closed","ping_status":"closed","template":"basic-sivu.php","meta":{"_acf_changed":false,"footnotes":""},"class_list":["post-158","page","type-page","status-publish","hentry"],"acf":[],"yoast_head":"<!-- This site is optimized with the Yoast SEO plugin v27.1.1 - https:\/\/yoast.com\/product\/yoast-seo-wordpress\/ -->\n<title>Vuosikokous - Multian osakaskunta<\/title>\n<meta name=\"robots\" content=\"index, follow, max-snippet:-1, max-image-preview:large, max-video-preview:-1\" \/>\n<link rel=\"canonical\" href=\"https:\/\/keuruunkalatalousalue.fi\/multia\/hallinto\/vuosikokous\/\" \/>\n<meta property=\"og:locale\" content=\"fi_FI\" \/>\n<meta property=\"og:type\" content=\"article\" \/>\n<meta property=\"og:title\" content=\"Vuosikokous - Multian osakaskunta\" \/>\n<meta property=\"og:description\" content=\"J\u00e4rjest\u00e4ytymiskokouksen p\u00f6yt\u00e4kirja\" \/>\n<meta property=\"og:url\" content=\"https:\/\/keuruunkalatalousalue.fi\/multia\/hallinto\/vuosikokous\/\" \/>\n<meta property=\"og:site_name\" content=\"Multian osakaskunta\" \/>\n<meta property=\"article:modified_time\" content=\"2025-05-11T09:06:17+00:00\" \/>\n<meta name=\"twitter:card\" content=\"summary_large_image\" \/>\n<meta name=\"twitter:label1\" content=\"Arvioitu lukuaika\" \/>\n\t<meta name=\"twitter:data1\" content=\"1 minuutti\" \/>\n<script type=\"application\/ld+json\" class=\"yoast-schema-graph\">{\"@context\":\"https:\/\/schema.org\",\"@graph\":[{\"@type\":\"WebPage\",\"@id\":\"https:\/\/keuruunkalatalousalue.fi\/multia\/hallinto\/vuosikokous\/\",\"url\":\"https:\/\/keuruunkalatalousalue.fi\/multia\/hallinto\/vuosikokous\/\",\"name\":\"Vuosikokous - Multian osakaskunta\",\"isPartOf\":{\"@id\":\"https:\/\/keuruunkalatalousalue.fi\/multia\/#website\"},\"datePublished\":\"2020-10-29T12:25:46+00:00\",\"dateModified\":\"2025-05-11T09:06:17+00:00\",\"breadcrumb\":{\"@id\":\"https:\/\/keuruunkalatalousalue.fi\/multia\/hallinto\/vuosikokous\/#breadcrumb\"},\"inLanguage\":\"fi\",\"potentialAction\":[{\"@type\":\"ReadAction\",\"target\":[\"https:\/\/keuruunkalatalousalue.fi\/multia\/hallinto\/vuosikokous\/\"]}]},{\"@type\":\"BreadcrumbList\",\"@id\":\"https:\/\/keuruunkalatalousalue.fi\/multia\/hallinto\/vuosikokous\/#breadcrumb\",\"itemListElement\":[{\"@type\":\"ListItem\",\"position\":1,\"name\":\"Etusivu\",\"item\":\"https:\/\/keuruunkalatalousalue.fi\/multia\/\"},{\"@type\":\"ListItem\",\"position\":2,\"name\":\"Hallinto\",\"item\":\"https:\/\/keuruunkalatalousalue.fi\/multia\/hallinto\/\"},{\"@type\":\"ListItem\",\"position\":3,\"name\":\"Vuosikokous\"}]},{\"@type\":\"WebSite\",\"@id\":\"https:\/\/keuruunkalatalousalue.fi\/multia\/#website\",\"url\":\"https:\/\/keuruunkalatalousalue.fi\/multia\/\",\"name\":\"Multian osakaskunta\",\"description\":\"\",\"potentialAction\":[{\"@type\":\"SearchAction\",\"target\":{\"@type\":\"EntryPoint\",\"urlTemplate\":\"https:\/\/keuruunkalatalousalue.fi\/multia\/?s={search_term_string}\"},\"query-input\":{\"@type\":\"PropertyValueSpecification\",\"valueRequired\":true,\"valueName\":\"search_term_string\"}}],\"inLanguage\":\"fi\"}]}<\/script>\n<!-- \/ Yoast SEO plugin. -->","yoast_head_json":{"title":"Vuosikokous - Multian osakaskunta","robots":{"index":"index","follow":"follow","max-snippet":"max-snippet:-1","max-image-preview":"max-image-preview:large","max-video-preview":"max-video-preview:-1"},"canonical":"https:\/\/keuruunkalatalousalue.fi\/multia\/hallinto\/vuosikokous\/","og_locale":"fi_FI","og_type":"article","og_title":"Vuosikokous - Multian osakaskunta","og_description":"J\u00e4rjest\u00e4ytymiskokouksen p\u00f6yt\u00e4kirja","og_url":"https:\/\/keuruunkalatalousalue.fi\/multia\/hallinto\/vuosikokous\/","og_site_name":"Multian osakaskunta","article_modified_time":"2025-05-11T09:06:17+00:00","twitter_card":"summary_large_image","twitter_misc":{"Arvioitu lukuaika":"1 minuutti"},"schema":{"@context":"https:\/\/schema.org","@graph":[{"@type":"WebPage","@id":"https:\/\/keuruunkalatalousalue.fi\/multia\/hallinto\/vuosikokous\/","url":"https:\/\/keuruunkalatalousalue.fi\/multia\/hallinto\/vuosikokous\/","name":"Vuosikokous - Multian osakaskunta","isPartOf":{"@id":"https:\/\/keuruunkalatalousalue.fi\/multia\/#website"},"datePublished":"2020-10-29T12:25:46+00:00","dateModified":"2025-05-11T09:06:17+00:00","breadcrumb":{"@id":"https:\/\/keuruunkalatalousalue.fi\/multia\/hallinto\/vuosikokous\/#breadcrumb"},"inLanguage":"fi","potentialAction":[{"@type":"ReadAction","target":["https:\/\/keuruunkalatalousalue.fi\/multia\/hallinto\/vuosikokous\/"]}]},{"@type":"BreadcrumbList","@id":"https:\/\/keuruunkalatalousalue.fi\/multia\/hallinto\/vuosikokous\/#breadcrumb","itemListElement":[{"@type":"ListItem","position":1,"name":"Etusivu","item":"https:\/\/keuruunkalatalousalue.fi\/multia\/"},{"@type":"ListItem","position":2,"name":"Hallinto","item":"https:\/\/keuruunkalatalousalue.fi\/multia\/hallinto\/"},{"@type":"ListItem","position":3,"name":"Vuosikokous"}]},{"@type":"WebSite","@id":"https:\/\/keuruunkalatalousalue.fi\/multia\/#website","url":"https:\/\/keuruunkalatalousalue.fi\/multia\/","name":"Multian osakaskunta","description":"","potentialAction":[{"@type":"SearchAction","target":{"@type":"EntryPoint","urlTemplate":"https:\/\/keuruunkalatalousalue.fi\/multia\/?s={search_term_string}"},"query-input":{"@type":"PropertyValueSpecification","valueRequired":true,"valueName":"search_term_string"}}],"inLanguage":"fi"}]}},"_links":{"self":[{"href":"https:\/\/keuruunkalatalousalue.fi\/multia\/wp-json\/wp\/v2\/pages\/158","targetHints":{"allow":["GET"]}}],"collection":[{"href":"https:\/\/keuruunkalatalousalue.fi\/multia\/wp-json\/wp\/v2\/pages"}],"about":[{"href":"https:\/\/keuruunkalatalousalue.fi\/multia\/wp-json\/wp\/v2\/types\/page"}],"author":[{"embeddable":true,"href":"https:\/\/keuruunkalatalousalue.fi\/multia\/wp-json\/wp\/v2\/users\/1"}],"replies":[{"embeddable":true,"href":"https:\/\/keuruunkalatalousalue.fi\/multia\/wp-json\/wp\/v2\/comments?post=158"}],"version-history":[{"count":25,"href":"https:\/\/keuruunkalatalousalue.fi\/multia\/wp-json\/wp\/v2\/pages\/158\/revisions"}],"predecessor-version":[{"id":458,"href":"https:\/\/keuruunkalatalousalue.fi\/multia\/wp-json\/wp\/v2\/pages\/158\/revisions\/458"}],"up":[{"embeddable":true,"href":"https:\/\/keuruunkalatalousalue.fi\/multia\/wp-json\/wp\/v2\/pages\/187"}],"wp:attachment":[{"href":"https:\/\/keuruunkalatalousalue.fi\/multia\/wp-json\/wp\/v2\/media?parent=158"}],"curies":[{"name":"wp","href":"https:\/\/api.w.org\/{rel}","templated":true}]}}