{"id":49,"date":"2020-10-29T09:51:51","date_gmt":"2020-10-29T09:51:51","guid":{"rendered":"http:\/\/89.166.51.80\/~saarijarven\/hameenmaen-osakaskunta\/?page_id=49"},"modified":"2025-04-09T16:32:42","modified_gmt":"2025-04-09T13:32:42","slug":"paatokset","status":"publish","type":"page","link":"https:\/\/keuruunkalatalousalue.fi\/keuruu-suolahti\/paatokset\/","title":{"rendered":"P\u00e4\u00e4t\u00f6kset"},"content":{"rendered":"\n<h2 class=\"wp-block-heading\">P\u00e4\u00e4t\u00f6kset<\/h2>\n\n\n\n<div class=\"wp-block-file\"><a id=\"wp-block-file--media-62930802-6ad3-4804-a444-e80b36a3b37f\" href=\"https:\/\/keuruunkalatalousalue.fi\/keuruu-suolahti\/wp-content\/uploads\/sites\/8\/2025\/04\/Kuulutus-vesijatto-ja-tayttoalueista.pdf\">Kuulutus vesij\u00e4tt\u00f6- ja t\u00e4ytt\u00f6alueista<\/a><a href=\"https:\/\/keuruunkalatalousalue.fi\/keuruu-suolahti\/wp-content\/uploads\/sites\/8\/2025\/04\/Kuulutus-vesijatto-ja-tayttoalueista.pdf\" class=\"wp-block-file__button wp-element-button\" download aria-describedby=\"wp-block-file--media-62930802-6ad3-4804-a444-e80b36a3b37f\">Lataa<\/a><\/div>\n\n\n\n<p><\/p>\n","protected":false},"excerpt":{"rendered":"<p>P\u00e4\u00e4t\u00f6kset<\/p>\n","protected":false},"author":1,"featured_media":0,"parent":0,"menu_order":0,"comment_status":"closed","ping_status":"closed","template":"basic-sivu.php","meta":{"_acf_changed":false,"footnotes":""},"class_list":["post-49","page","type-page","status-publish","hentry"],"acf":[],"yoast_head":"<!-- This site is optimized with the Yoast SEO plugin v27.1.1 - https:\/\/yoast.com\/product\/yoast-seo-wordpress\/ -->\n<title>P\u00e4\u00e4t\u00f6kset - Keuruun-Suolahden osakaskunta<\/title>\n<meta name=\"robots\" content=\"index, follow, max-snippet:-1, max-image-preview:large, max-video-preview:-1\" \/>\n<link rel=\"canonical\" href=\"https:\/\/keuruunkalatalousalue.fi\/keuruu-suolahti\/paatokset\/\" \/>\n<meta property=\"og:locale\" content=\"fi_FI\" \/>\n<meta property=\"og:type\" content=\"article\" \/>\n<meta property=\"og:title\" content=\"P\u00e4\u00e4t\u00f6kset - Keuruun-Suolahden osakaskunta\" \/>\n<meta property=\"og:description\" content=\"P\u00e4\u00e4t\u00f6kset\" \/>\n<meta property=\"og:url\" content=\"https:\/\/keuruunkalatalousalue.fi\/keuruu-suolahti\/paatokset\/\" \/>\n<meta property=\"og:site_name\" content=\"Keuruun-Suolahden osakaskunta\" \/>\n<meta property=\"article:modified_time\" content=\"2025-04-09T13:32:42+00:00\" \/>\n<meta name=\"twitter:card\" content=\"summary_large_image\" \/>\n<meta name=\"twitter:label1\" content=\"Arvioitu lukuaika\" \/>\n\t<meta name=\"twitter:data1\" content=\"1 minuutti\" \/>\n<script type=\"application\/ld+json\" class=\"yoast-schema-graph\">{\"@context\":\"https:\/\/schema.org\",\"@graph\":[{\"@type\":\"WebPage\",\"@id\":\"https:\/\/keuruunkalatalousalue.fi\/keuruu-suolahti\/paatokset\/\",\"url\":\"https:\/\/keuruunkalatalousalue.fi\/keuruu-suolahti\/paatokset\/\",\"name\":\"P\u00e4\u00e4t\u00f6kset - Keuruun-Suolahden osakaskunta\",\"isPartOf\":{\"@id\":\"https:\/\/keuruunkalatalousalue.fi\/keuruu-suolahti\/#website\"},\"datePublished\":\"2020-10-29T09:51:51+00:00\",\"dateModified\":\"2025-04-09T13:32:42+00:00\",\"breadcrumb\":{\"@id\":\"https:\/\/keuruunkalatalousalue.fi\/keuruu-suolahti\/paatokset\/#breadcrumb\"},\"inLanguage\":\"fi\",\"potentialAction\":[{\"@type\":\"ReadAction\",\"target\":[\"https:\/\/keuruunkalatalousalue.fi\/keuruu-suolahti\/paatokset\/\"]}]},{\"@type\":\"BreadcrumbList\",\"@id\":\"https:\/\/keuruunkalatalousalue.fi\/keuruu-suolahti\/paatokset\/#breadcrumb\",\"itemListElement\":[{\"@type\":\"ListItem\",\"position\":1,\"name\":\"Etusivu\",\"item\":\"https:\/\/keuruunkalatalousalue.fi\/keuruu-suolahti\/\"},{\"@type\":\"ListItem\",\"position\":2,\"name\":\"P\u00e4\u00e4t\u00f6kset\"}]},{\"@type\":\"WebSite\",\"@id\":\"https:\/\/keuruunkalatalousalue.fi\/keuruu-suolahti\/#website\",\"url\":\"https:\/\/keuruunkalatalousalue.fi\/keuruu-suolahti\/\",\"name\":\"Keuruun-Suolahden osakaskunta\",\"description\":\"\",\"potentialAction\":[{\"@type\":\"SearchAction\",\"target\":{\"@type\":\"EntryPoint\",\"urlTemplate\":\"https:\/\/keuruunkalatalousalue.fi\/keuruu-suolahti\/?s={search_term_string}\"},\"query-input\":{\"@type\":\"PropertyValueSpecification\",\"valueRequired\":true,\"valueName\":\"search_term_string\"}}],\"inLanguage\":\"fi\"}]}<\/script>\n<!-- \/ Yoast SEO plugin. -->","yoast_head_json":{"title":"P\u00e4\u00e4t\u00f6kset - Keuruun-Suolahden osakaskunta","robots":{"index":"index","follow":"follow","max-snippet":"max-snippet:-1","max-image-preview":"max-image-preview:large","max-video-preview":"max-video-preview:-1"},"canonical":"https:\/\/keuruunkalatalousalue.fi\/keuruu-suolahti\/paatokset\/","og_locale":"fi_FI","og_type":"article","og_title":"P\u00e4\u00e4t\u00f6kset - Keuruun-Suolahden osakaskunta","og_description":"P\u00e4\u00e4t\u00f6kset","og_url":"https:\/\/keuruunkalatalousalue.fi\/keuruu-suolahti\/paatokset\/","og_site_name":"Keuruun-Suolahden osakaskunta","article_modified_time":"2025-04-09T13:32:42+00:00","twitter_card":"summary_large_image","twitter_misc":{"Arvioitu lukuaika":"1 minuutti"},"schema":{"@context":"https:\/\/schema.org","@graph":[{"@type":"WebPage","@id":"https:\/\/keuruunkalatalousalue.fi\/keuruu-suolahti\/paatokset\/","url":"https:\/\/keuruunkalatalousalue.fi\/keuruu-suolahti\/paatokset\/","name":"P\u00e4\u00e4t\u00f6kset - Keuruun-Suolahden osakaskunta","isPartOf":{"@id":"https:\/\/keuruunkalatalousalue.fi\/keuruu-suolahti\/#website"},"datePublished":"2020-10-29T09:51:51+00:00","dateModified":"2025-04-09T13:32:42+00:00","breadcrumb":{"@id":"https:\/\/keuruunkalatalousalue.fi\/keuruu-suolahti\/paatokset\/#breadcrumb"},"inLanguage":"fi","potentialAction":[{"@type":"ReadAction","target":["https:\/\/keuruunkalatalousalue.fi\/keuruu-suolahti\/paatokset\/"]}]},{"@type":"BreadcrumbList","@id":"https:\/\/keuruunkalatalousalue.fi\/keuruu-suolahti\/paatokset\/#breadcrumb","itemListElement":[{"@type":"ListItem","position":1,"name":"Etusivu","item":"https:\/\/keuruunkalatalousalue.fi\/keuruu-suolahti\/"},{"@type":"ListItem","position":2,"name":"P\u00e4\u00e4t\u00f6kset"}]},{"@type":"WebSite","@id":"https:\/\/keuruunkalatalousalue.fi\/keuruu-suolahti\/#website","url":"https:\/\/keuruunkalatalousalue.fi\/keuruu-suolahti\/","name":"Keuruun-Suolahden osakaskunta","description":"","potentialAction":[{"@type":"SearchAction","target":{"@type":"EntryPoint","urlTemplate":"https:\/\/keuruunkalatalousalue.fi\/keuruu-suolahti\/?s={search_term_string}"},"query-input":{"@type":"PropertyValueSpecification","valueRequired":true,"valueName":"search_term_string"}}],"inLanguage":"fi"}]}},"_links":{"self":[{"href":"https:\/\/keuruunkalatalousalue.fi\/keuruu-suolahti\/wp-json\/wp\/v2\/pages\/49","targetHints":{"allow":["GET"]}}],"collection":[{"href":"https:\/\/keuruunkalatalousalue.fi\/keuruu-suolahti\/wp-json\/wp\/v2\/pages"}],"about":[{"href":"https:\/\/keuruunkalatalousalue.fi\/keuruu-suolahti\/wp-json\/wp\/v2\/types\/page"}],"author":[{"embeddable":true,"href":"https:\/\/keuruunkalatalousalue.fi\/keuruu-suolahti\/wp-json\/wp\/v2\/users\/1"}],"replies":[{"embeddable":true,"href":"https:\/\/keuruunkalatalousalue.fi\/keuruu-suolahti\/wp-json\/wp\/v2\/comments?post=49"}],"version-history":[{"count":4,"href":"https:\/\/keuruunkalatalousalue.fi\/keuruu-suolahti\/wp-json\/wp\/v2\/pages\/49\/revisions"}],"predecessor-version":[{"id":320,"href":"https:\/\/keuruunkalatalousalue.fi\/keuruu-suolahti\/wp-json\/wp\/v2\/pages\/49\/revisions\/320"}],"wp:attachment":[{"href":"https:\/\/keuruunkalatalousalue.fi\/keuruu-suolahti\/wp-json\/wp\/v2\/media?parent=49"}],"curies":[{"name":"wp","href":"https:\/\/api.w.org\/{rel}","templated":true}]}}